{"id":3754,"date":"2022-11-18T10:09:01","date_gmt":"2022-11-18T10:09:01","guid":{"rendered":"https:\/\/easysilage.nl\/nicolaes-d-drive\/"},"modified":"2022-11-19T05:32:09","modified_gmt":"2022-11-19T05:32:09","slug":"nicolaes-d-drive","status":"publish","type":"page","link":"https:\/\/easysilage.nl\/de\/loesungen\/nicolaes-d-drive\/","title":{"rendered":"Nicolaes D.drive"},"content":{"rendered":"<p>[vc_row el_class=&#8220;section-easy-met&#8220; el_id=&#8220;section-easy-met&#8220;][vc_column][vc_row_inner equal_height=&#8220;yes&#8220; content_placement=&#8220;middle&#8220; el_class=&#8220;container&#8220;][vc_column_inner width=&#8220;1\/2&#8243;][vc_custom_heading text=&#8220;Effiziente Silageabdeckung<br \/>\ndes Futters mit der <b>Easy Silage<\/b><br \/>\nNicolaes D.drive&#8220; use_theme_fonts=&#8220;yes&#8220; el_class=&#8220;section-main-heading&#8220;][\/vc_column_inner][vc_column_inner width=&#8220;1\/2&#8243;][vc_column_text css=&#8220;.vc_custom_1664870097690{margin-bottom: 0px !important;}&#8220;]Das gesamte Aggregat der Maschine ist komplett abnehmbar und kann f\u00fcr mehrere Portale verwendet werden.<\/p>\n<p>Das Ger\u00e4t (Dolly) ist mit allen Komponenten ausgestattet, die f\u00fcr den Antrieb und die Steuerung der Maschine erforderlich sind. Dieser Wagen kann von einer Person leicht ab- und wieder angekoppelt werden und kann leicht von einem Silo zum anderen bewegt werden.<\/p>\n<p>Die Maschine ist serienm\u00e4\u00dfig mit dem einzigartigen EasySilage-Antriebssystem und Lenkkorrektur ausgestattet. Mit 1 Aggregat ist es m\u00f6glich, mehrere Maschinen (unterschiedliche Breiten) zu fahren\/zu lenken.<\/p>\n<p>Das ist einzigartig, spart Geld und ist patentiert![\/vc_column_text][\/vc_column_inner][\/vc_row_inner][\/vc_column][\/vc_row][vc_row el_class=&#8220;section-video&#8220;][vc_column][vc_row_inner equal_height=&#8220;yes&#8220; content_placement=&#8220;middle&#8220; el_class=&#8220;container&#8220;][vc_column_inner][vc_column_text]<\/p>\n<div class=\"gallery-wrap\"><a data-toggle=\"modal\" data-target=\"#exampleModal-2887\"><img loading=\"lazy\" decoding=\"async\" class=\"alignnone size-full wp-image-2973\" src=\"https:\/\/easysilage.nl\/wp-content\/uploads\/2022\/10\/gallery-nicolaes-bg-1.jpg\" alt=\"\" width=\"611\" height=\"538\" \/><button class=\"btn btn-primary\" type=\"button\" data-toggle=\"modal\" data-target=\"#exampleModal-2887\">MEHR BILDER<\/button><\/a><\/div>\n<p>[\/vc_column_text][vc_column_text]<\/p>\n<div class=\"vidoe-text-wrap\">\n<div class=\"vidoe-text\">\n<h2 class=\"section-heading\">Der Pionier hinter dem Namen<\/h2>\n<p>Der Name dieses Produkts stammt von Herrn Nicolaas Willem den Boer. Nicolaas und sein Sohn Wilco den Boer aus Benschop waren die ersten, die dieses neue System kauften.<\/p>\n<p>Doch noch vor der Geburt im Fr\u00fchjahr 2022 starb Nicolaas (Nico) im Februar pl\u00f6tzlich.<\/p>\n<p>Als Hommage an diesen Pionier haben wir seinen Namen in unser neues Produkt aufgenommen.<\/p>\n<p><button class=\"btn green-btn btn-video\" type=\"button\" data-toggle=\"modal\" data-src=\"https:\/\/easysilage.nl\/wp-content\/uploads\/2022\/10\/Nicolaes-Ddrive.mp4\" data-target=\"#myModalvideo\">Video-Pr\u00e4sentation<\/button><\/p>\n<p><a class=\"green-btn\" title=\"Kontaktieren Sie uns\" href=\"https:\/\/easysilage.nl\/de\/kontakt\/\">KONTAKTIERE UNS<\/a><\/p>\n<\/div>\n<\/div>\n<p>[\/vc_column_text][\/vc_column_inner][\/vc_row_inner][\/vc_column][\/vc_row][vc_row el_class=&#8220;section-services&#8220;][vc_column][vc_custom_heading text=&#8220;Vorteile der <b>Easy Silage<\/b><br \/>\nNicolaes D.drive&#8220; font_container=&#8220;tag:h2|text_align:center&#8220; use_theme_fonts=&#8220;yes&#8220; el_class=&#8220;section-heading&#8220;][vc_row_inner el_class=&#8220;container&#8220;][vc_column_inner width=&#8220;1\/2&#8243;][vc_column_text]<img loading=\"lazy\" decoding=\"async\" class=\"alignnone size-full wp-image-2905\" src=\"https:\/\/easysilage.nl\/wp-content\/uploads\/2022\/08\/serives-08.png\" alt=\"\" width=\"109\" height=\"127\" \/>Mit 1 Aggregat k\u00f6nnen mehrere Maschinen (unterschiedliche Breiten) angetrieben\/gesteuert werden.[\/vc_column_text][vc_column_text]<img loading=\"lazy\" decoding=\"async\" class=\"alignnone size-full\" src=\"https:\/\/easysilage.nl\/wp-content\/uploads\/2022\/07\/serives-02.png\" alt=\"\" width=\"109\" height=\"127\" \/>Schnellere und effizientere Silierung: innerhalb von 30 Minuten[\/vc_column_text][vc_column_text]<img loading=\"lazy\" decoding=\"async\" class=\"alignnone size-full\" src=\"https:\/\/easysilage.nl\/wp-content\/uploads\/2022\/07\/serives-03.png\" alt=\"\" width=\"109\" height=\"127\" \/>Konstante optimale Futterqualit\u00e4t[\/vc_column_text][vc_column_text]<img loading=\"lazy\" decoding=\"async\" class=\"alignnone size-full\" src=\"https:\/\/easysilage.nl\/wp-content\/uploads\/2022\/08\/\/snel.svg\" alt=\"\" width=\"109\" height=\"127\" \/>Schnell, effizient, einfach[\/vc_column_text][\/vc_column_inner][vc_column_inner width=&#8220;1\/2&#8243;][vc_column_text]<img decoding=\"async\" src=\"https:\/\/easysilage.nl\/wp-content\/uploads\/2022\/08\/\/one-person.svg\" \/>Einfaches An- und Abkoppeln durch 1 Person[\/vc_column_text][vc_column_text]<img loading=\"lazy\" decoding=\"async\" class=\"alignnone size-full\" src=\"https:\/\/easysilage.nl\/wp-content\/uploads\/2022\/07\/serives-05.png\" alt=\"\" width=\"109\" height=\"127\" \/>Kosteneinsparung bei Arbeit und Material[\/vc_column_text][vc_column_text]<img loading=\"lazy\" decoding=\"async\" class=\"alignnone size-full wp-image-2905\" src=\"https:\/\/easysilage.nl\/wp-content\/uploads\/2022\/08\/\/icon4-1.svg\" alt=\"\" width=\"109\" height=\"127\" \/>Billiger als andere Systeme[\/vc_column_text][vc_column_text]<img loading=\"lazy\" decoding=\"async\" class=\"alignnone size-full wp-image-2902\" src=\"https:\/\/easysilage.nl\/wp-content\/uploads\/2022\/08\/serives-07.png\" alt=\"\" width=\"109\" height=\"127\" \/>Die beste Art, Lasagne zu kochen[\/vc_column_text][\/vc_column_inner][\/vc_row_inner][vc_btn title=&#8220;KONTAKTIEREN SIE UNS&#8220; align=&#8220;center&#8220; link=&#8220;url:https%3A%2F%2Feasysilage.nl%2Fde%2Fkontakt%2F|title:Kontaktieren%20Sie%20uns|&#8220; el_class=&#8220;green-btn-outer&#8220;][\/vc_column][\/vc_row][vc_row el_class=&#8220;footer-call green-footer-inner&#8220; css=&#8220;.vc_custom_1660306507855{margin-right: 0px !important;margin-left: 0px !important;}&#8220;][vc_column][vc_row_inner el_class=&#8220;container&#8220;][vc_column_inner width=&#8220;2\/3&#8243;][vc_custom_heading text=&#8220;Entdecken Sie den Komfort des<br \/>\n<b>Easy Silage<\/b> Nicolaes D.drive&#8220; font_container=&#8220;tag:h2|text_align:left|color:%23f1f1f1&#8243; use_theme_fonts=&#8220;yes&#8220;][\/vc_column_inner][vc_column_inner width=&#8220;1\/3&#8243;][vc_btn title=&#8220;UNVERBINDLICHE BERATUNG&#8220; el_class=&#8220;custom-btn&#8220; link=&#8220;url:https%3A%2F%2Feasysilage.nl%2Fde%2Fkontakt%2F|&#8220;][\/vc_column_inner][\/vc_row_inner][\/vc_column][\/vc_row]<\/p>\n","protected":false},"excerpt":{"rendered":"<p>[vc_row el_class=&#8220;section-easy-met&#8220; el_id=&#8220;section-easy-met&#8220;][vc_column][vc_row_inner equal_height=&#8220;yes&#8220; content_placement=&#8220;middle&#8220; el_class=&#8220;container&#8220;][vc_column_inner width=&#8220;1\/2&#8243;][vc_custom_heading text=&#8220;Effiziente Silageabdeckung des Futters mit der Easy Silage Nicolaes D.drive&#8220; use_theme_fonts=&#8220;yes&#8220; el_class=&#8220;section-main-heading&#8220;][\/vc_column_inner][vc_column_inner width=&#8220;1\/2&#8243;][vc_column_text css=&#8220;.vc_custom_1664870097690{margin-bottom: 0px !important;}&#8220;]Das gesamte Aggregat der Maschine ist komplett abnehmbar und kann f\u00fcr mehrere Portale verwendet werden. Das Ger\u00e4t (Dolly) ist mit allen Komponenten ausgestattet, die f\u00fcr den Antrieb und die Steuerung der Maschine erforderlich&hellip; <a class=\"more-link\" href=\"https:\/\/easysilage.nl\/de\/loesungen\/nicolaes-d-drive\/\">Continue reading <span class=\"screen-reader-text\">Nicolaes D.drive<\/span><\/a><\/p>\n","protected":false},"author":3,"featured_media":0,"parent":3052,"menu_order":0,"comment_status":"closed","ping_status":"closed","template":"inner-template.php","meta":{"inline_featured_image":false,"footnotes":""},"class_list":["post-3754","page","type-page","status-publish","hentry","entry"],"yoast_head":"<!-- This site is optimized with the Yoast SEO plugin v27.3 - https:\/\/yoast.com\/product\/yoast-seo-wordpress\/ -->\n<title>Nicolaes D.drive - Easy Silage<\/title>\n<meta name=\"description\" content=\"Easy Silage Rollensystem: Effiziente Deckung des Futters mit der leichten Silage Nicolaes D.drive\" \/>\n<meta name=\"robots\" content=\"index, follow, max-snippet:-1, max-image-preview:large, max-video-preview:-1\" \/>\n<link rel=\"canonical\" href=\"https:\/\/easysilage.nl\/de\/loesungen\/nicolaes-d-drive\/\" \/>\n<meta property=\"og:locale\" content=\"de_DE\" \/>\n<meta property=\"og:type\" content=\"article\" \/>\n<meta property=\"og:title\" content=\"Nicolaes D.drive - Easy Silage\" \/>\n<meta property=\"og:description\" content=\"Easy Silage Rollensystem: Effiziente Deckung des Futters mit der leichten Silage Nicolaes D.drive\" \/>\n<meta property=\"og:url\" content=\"https:\/\/easysilage.nl\/de\/loesungen\/nicolaes-d-drive\/\" \/>\n<meta property=\"og:site_name\" content=\"Easy Silage\" \/>\n<meta property=\"article:modified_time\" content=\"2022-11-19T05:32:09+00:00\" \/>\n<meta property=\"og:image\" content=\"https:\/\/easysilage.nl\/wp-content\/uploads\/2022\/10\/gallery-nicolaes-bg-1.jpg\" \/>\n<meta name=\"twitter:card\" content=\"summary_large_image\" \/>\n<meta name=\"twitter:label1\" content=\"Gesch\u00e4tzte Lesezeit\" \/>\n\t<meta name=\"twitter:data1\" content=\"4\u00a0Minuten\" \/>\n<script type=\"application\/ld+json\" class=\"yoast-schema-graph\">{\"@context\":\"https:\\\/\\\/schema.org\",\"@graph\":[{\"@type\":\"WebPage\",\"@id\":\"https:\\\/\\\/easysilage.nl\\\/de\\\/loesungen\\\/nicolaes-d-drive\\\/\",\"url\":\"https:\\\/\\\/easysilage.nl\\\/de\\\/loesungen\\\/nicolaes-d-drive\\\/\",\"name\":\"Nicolaes D.drive - Easy Silage\",\"isPartOf\":{\"@id\":\"https:\\\/\\\/easysilage.nl\\\/#website\"},\"primaryImageOfPage\":{\"@id\":\"https:\\\/\\\/easysilage.nl\\\/de\\\/loesungen\\\/nicolaes-d-drive\\\/#primaryimage\"},\"image\":{\"@id\":\"https:\\\/\\\/easysilage.nl\\\/de\\\/loesungen\\\/nicolaes-d-drive\\\/#primaryimage\"},\"thumbnailUrl\":\"https:\\\/\\\/easysilage.nl\\\/wp-content\\\/uploads\\\/2022\\\/10\\\/gallery-nicolaes-bg-1.jpg\",\"datePublished\":\"2022-11-18T10:09:01+00:00\",\"dateModified\":\"2022-11-19T05:32:09+00:00\",\"description\":\"Easy Silage Rollensystem: Effiziente Deckung des Futters mit der leichten Silage Nicolaes D.drive\",\"breadcrumb\":{\"@id\":\"https:\\\/\\\/easysilage.nl\\\/de\\\/loesungen\\\/nicolaes-d-drive\\\/#breadcrumb\"},\"inLanguage\":\"de\",\"potentialAction\":[{\"@type\":\"ReadAction\",\"target\":[\"https:\\\/\\\/easysilage.nl\\\/de\\\/loesungen\\\/nicolaes-d-drive\\\/\"]}]},{\"@type\":\"ImageObject\",\"inLanguage\":\"de\",\"@id\":\"https:\\\/\\\/easysilage.nl\\\/de\\\/loesungen\\\/nicolaes-d-drive\\\/#primaryimage\",\"url\":\"https:\\\/\\\/easysilage.nl\\\/wp-content\\\/uploads\\\/2022\\\/10\\\/gallery-nicolaes-bg-1.jpg\",\"contentUrl\":\"https:\\\/\\\/easysilage.nl\\\/wp-content\\\/uploads\\\/2022\\\/10\\\/gallery-nicolaes-bg-1.jpg\"},{\"@type\":\"BreadcrumbList\",\"@id\":\"https:\\\/\\\/easysilage.nl\\\/de\\\/loesungen\\\/nicolaes-d-drive\\\/#breadcrumb\",\"itemListElement\":[{\"@type\":\"ListItem\",\"position\":1,\"name\":\"Home\",\"item\":\"https:\\\/\\\/easysilage.nl\\\/\"},{\"@type\":\"ListItem\",\"position\":2,\"name\":\"L\u00f6sungen\",\"item\":\"https:\\\/\\\/easysilage.nl\\\/de\\\/loesungen\\\/\"},{\"@type\":\"ListItem\",\"position\":3,\"name\":\"Nicolaes D.drive\"}]},{\"@type\":\"WebSite\",\"@id\":\"https:\\\/\\\/easysilage.nl\\\/#website\",\"url\":\"https:\\\/\\\/easysilage.nl\\\/\",\"name\":\"Easy Silage\",\"description\":\"Behaal maximaal rendement met de Easy Silage lasagnekuil\",\"publisher\":{\"@id\":\"https:\\\/\\\/easysilage.nl\\\/#organization\"},\"potentialAction\":[{\"@type\":\"SearchAction\",\"target\":{\"@type\":\"EntryPoint\",\"urlTemplate\":\"https:\\\/\\\/easysilage.nl\\\/?s={search_term_string}\"},\"query-input\":{\"@type\":\"PropertyValueSpecification\",\"valueRequired\":true,\"valueName\":\"search_term_string\"}}],\"inLanguage\":\"de\"},{\"@type\":\"Organization\",\"@id\":\"https:\\\/\\\/easysilage.nl\\\/#organization\",\"name\":\"Easy Silage\",\"url\":\"https:\\\/\\\/easysilage.nl\\\/\",\"logo\":{\"@type\":\"ImageObject\",\"inLanguage\":\"de\",\"@id\":\"https:\\\/\\\/easysilage.nl\\\/#\\\/schema\\\/logo\\\/image\\\/\",\"url\":\"https:\\\/\\\/easysilage.nl\\\/wp-content\\\/uploads\\\/2025\\\/11\\\/cropped-logo-easy-silage-2025-v2-1.png\",\"contentUrl\":\"https:\\\/\\\/easysilage.nl\\\/wp-content\\\/uploads\\\/2025\\\/11\\\/cropped-logo-easy-silage-2025-v2-1.png\",\"width\":300,\"height\":52,\"caption\":\"Easy Silage\"},\"image\":{\"@id\":\"https:\\\/\\\/easysilage.nl\\\/#\\\/schema\\\/logo\\\/image\\\/\"}}]}<\/script>\n<!-- \/ Yoast SEO plugin. -->","yoast_head_json":{"title":"Nicolaes D.drive - Easy Silage","description":"Easy Silage Rollensystem: Effiziente Deckung des Futters mit der leichten Silage Nicolaes D.drive","robots":{"index":"index","follow":"follow","max-snippet":"max-snippet:-1","max-image-preview":"max-image-preview:large","max-video-preview":"max-video-preview:-1"},"canonical":"https:\/\/easysilage.nl\/de\/loesungen\/nicolaes-d-drive\/","og_locale":"de_DE","og_type":"article","og_title":"Nicolaes D.drive - Easy Silage","og_description":"Easy Silage Rollensystem: Effiziente Deckung des Futters mit der leichten Silage Nicolaes D.drive","og_url":"https:\/\/easysilage.nl\/de\/loesungen\/nicolaes-d-drive\/","og_site_name":"Easy Silage","article_modified_time":"2022-11-19T05:32:09+00:00","og_image":[{"url":"https:\/\/easysilage.nl\/wp-content\/uploads\/2022\/10\/gallery-nicolaes-bg-1.jpg","type":"","width":"","height":""}],"twitter_card":"summary_large_image","twitter_misc":{"Gesch\u00e4tzte Lesezeit":"4\u00a0Minuten"},"schema":{"@context":"https:\/\/schema.org","@graph":[{"@type":"WebPage","@id":"https:\/\/easysilage.nl\/de\/loesungen\/nicolaes-d-drive\/","url":"https:\/\/easysilage.nl\/de\/loesungen\/nicolaes-d-drive\/","name":"Nicolaes D.drive - Easy Silage","isPartOf":{"@id":"https:\/\/easysilage.nl\/#website"},"primaryImageOfPage":{"@id":"https:\/\/easysilage.nl\/de\/loesungen\/nicolaes-d-drive\/#primaryimage"},"image":{"@id":"https:\/\/easysilage.nl\/de\/loesungen\/nicolaes-d-drive\/#primaryimage"},"thumbnailUrl":"https:\/\/easysilage.nl\/wp-content\/uploads\/2022\/10\/gallery-nicolaes-bg-1.jpg","datePublished":"2022-11-18T10:09:01+00:00","dateModified":"2022-11-19T05:32:09+00:00","description":"Easy Silage Rollensystem: Effiziente Deckung des Futters mit der leichten Silage Nicolaes D.drive","breadcrumb":{"@id":"https:\/\/easysilage.nl\/de\/loesungen\/nicolaes-d-drive\/#breadcrumb"},"inLanguage":"de","potentialAction":[{"@type":"ReadAction","target":["https:\/\/easysilage.nl\/de\/loesungen\/nicolaes-d-drive\/"]}]},{"@type":"ImageObject","inLanguage":"de","@id":"https:\/\/easysilage.nl\/de\/loesungen\/nicolaes-d-drive\/#primaryimage","url":"https:\/\/easysilage.nl\/wp-content\/uploads\/2022\/10\/gallery-nicolaes-bg-1.jpg","contentUrl":"https:\/\/easysilage.nl\/wp-content\/uploads\/2022\/10\/gallery-nicolaes-bg-1.jpg"},{"@type":"BreadcrumbList","@id":"https:\/\/easysilage.nl\/de\/loesungen\/nicolaes-d-drive\/#breadcrumb","itemListElement":[{"@type":"ListItem","position":1,"name":"Home","item":"https:\/\/easysilage.nl\/"},{"@type":"ListItem","position":2,"name":"L\u00f6sungen","item":"https:\/\/easysilage.nl\/de\/loesungen\/"},{"@type":"ListItem","position":3,"name":"Nicolaes D.drive"}]},{"@type":"WebSite","@id":"https:\/\/easysilage.nl\/#website","url":"https:\/\/easysilage.nl\/","name":"Easy Silage","description":"Behaal maximaal rendement met de Easy Silage lasagnekuil","publisher":{"@id":"https:\/\/easysilage.nl\/#organization"},"potentialAction":[{"@type":"SearchAction","target":{"@type":"EntryPoint","urlTemplate":"https:\/\/easysilage.nl\/?s={search_term_string}"},"query-input":{"@type":"PropertyValueSpecification","valueRequired":true,"valueName":"search_term_string"}}],"inLanguage":"de"},{"@type":"Organization","@id":"https:\/\/easysilage.nl\/#organization","name":"Easy Silage","url":"https:\/\/easysilage.nl\/","logo":{"@type":"ImageObject","inLanguage":"de","@id":"https:\/\/easysilage.nl\/#\/schema\/logo\/image\/","url":"https:\/\/easysilage.nl\/wp-content\/uploads\/2025\/11\/cropped-logo-easy-silage-2025-v2-1.png","contentUrl":"https:\/\/easysilage.nl\/wp-content\/uploads\/2025\/11\/cropped-logo-easy-silage-2025-v2-1.png","width":300,"height":52,"caption":"Easy Silage"},"image":{"@id":"https:\/\/easysilage.nl\/#\/schema\/logo\/image\/"}}]}},"_links":{"self":[{"href":"https:\/\/easysilage.nl\/de\/wp-json\/wp\/v2\/pages\/3754","targetHints":{"allow":["GET"]}}],"collection":[{"href":"https:\/\/easysilage.nl\/de\/wp-json\/wp\/v2\/pages"}],"about":[{"href":"https:\/\/easysilage.nl\/de\/wp-json\/wp\/v2\/types\/page"}],"author":[{"embeddable":true,"href":"https:\/\/easysilage.nl\/de\/wp-json\/wp\/v2\/users\/3"}],"replies":[{"embeddable":true,"href":"https:\/\/easysilage.nl\/de\/wp-json\/wp\/v2\/comments?post=3754"}],"version-history":[{"count":7,"href":"https:\/\/easysilage.nl\/de\/wp-json\/wp\/v2\/pages\/3754\/revisions"}],"predecessor-version":[{"id":3833,"href":"https:\/\/easysilage.nl\/de\/wp-json\/wp\/v2\/pages\/3754\/revisions\/3833"}],"up":[{"embeddable":true,"href":"https:\/\/easysilage.nl\/de\/wp-json\/wp\/v2\/pages\/3052"}],"wp:attachment":[{"href":"https:\/\/easysilage.nl\/de\/wp-json\/wp\/v2\/media?parent=3754"}],"curies":[{"name":"wp","href":"https:\/\/api.w.org\/{rel}","templated":true}]}}