{"id":3751,"date":"2022-11-18T10:01:03","date_gmt":"2022-11-18T10:01:03","guid":{"rendered":"https:\/\/easysilage.nl\/schienensystem\/"},"modified":"2022-11-19T05:31:21","modified_gmt":"2022-11-19T05:31:21","slug":"schienensystem","status":"publish","type":"page","link":"https:\/\/easysilage.nl\/de\/loesungen\/schienensystem\/","title":{"rendered":"Schienensystem"},"content":{"rendered":"<p>[vc_row el_class=&#8220;section-easy-met&#8220; el_id=&#8220;section-easy-met&#8220;][vc_column][vc_row_inner equal_height=&#8220;yes&#8220; content_placement=&#8220;middle&#8220; el_class=&#8220;container&#8220;][vc_column_inner width=&#8220;1\/2&#8243;][vc_custom_heading text=&#8220;Effiziente Silageabdeckung<br \/>\nmit dem <b>Easy Silage<\/b><br \/>\nSchienensystem&#8220; use_theme_fonts=&#8220;yes&#8220; el_class=&#8220;section-main-heading&#8220;][\/vc_column_inner][vc_column_inner width=&#8220;1\/2&#8243;][vc_column_text css=&#8220;.vc_custom_1665477613227{margin-bottom: 0px !important;}&#8220;]Das Schienensystem wird in einer Rinne an der Silowand gef\u00fchrt. Er wird mit speziellen Halterungen an der Wand befestigt; die Silow\u00e4nde m\u00fcssen mindestens 20 cm dick sein. Es ist auch m\u00f6glich, die H\u00f6he der Maschine so einzustellen, dass man w\u00e4hrend des Silierens unter die Walze fahren kann. Das Abdecken der Silage erfolgt auf die gleiche Weise wie beim Portalsystem beschrieben.<\/p>\n<p>Heutzutage entscheiden sich viele Viehz\u00fcchter daf\u00fcr, ihr Silierverfahren zu \u00e4ndern und ihre Grabensilos zu vergr\u00f6\u00dfern. Die verschiedenen Grasschnitte werden \u00fcbereinander siliert. Das Abdecksystem deckt die Silage einfach und schnell ab. Die auf der Schnittfl\u00e4che des Futters liegende Dichtungsrolle sorgt f\u00fcr einen dichten Abschluss und verhindert ein Aufbl\u00e4hen der Plane. Die Siegelwalze verhindert auch die Erhitzung. So haben Sie w\u00e4hrend der gesamten F\u00fctterungszeit eine gleichbleibend optimale Futterqualit\u00e4t.[\/vc_column_text][\/vc_column_inner][\/vc_row_inner][\/vc_column][\/vc_row][vc_row el_class=&#8220;section-video&#8220;][vc_column][vc_row_inner equal_height=&#8220;yes&#8220; content_placement=&#8220;middle&#8220; el_class=&#8220;container&#8220;][vc_column_inner][vc_column_text]<\/p>\n<div class=\"gallery-wrap\"><a data-toggle=\"modal\" data-target=\"#exampleModal-2887\"><img loading=\"lazy\" decoding=\"async\" class=\"alignnone size-full wp-image-2973\" src=\"https:\/\/easysilage.nl\/wp-content\/uploads\/2022\/08\/railsysteem1-1030x758-1.jpeg\" alt=\"\" width=\"611\" height=\"538\" \/><button class=\"btn btn-primary\" type=\"button\" data-toggle=\"modal\" data-target=\"#exampleModal-2887\">MEHR BILDER<\/button><\/a><\/div>\n<p>[\/vc_column_text][vc_column_text]<\/p>\n<div class=\"vidoe-text-wrap\">\n<div class=\"vidoe-text\">\n<h2 class=\"section-heading\">Das Wassersystem<\/h2>\n<p>Neben der Abdeckmaschine und dem Abdeckblatt ist eine gute Wasserversorgung ein wichtiger Bestandteil. So k\u00f6nnen Sie zum Beispiel die meiste Zeit des Jahres frisches Wasser verwenden, egal ob es aus einem nahe gelegenen Graben stammt oder nicht. Wenn es zu frieren beginnt, m\u00fcssen Sie Salzwasser verwenden, damit die Schl\u00e4uche und Rohre nicht einfrieren.<\/p>\n<p>Das Wassersystem sorgt f\u00fcr eine gleichm\u00e4\u00dfige Bef\u00fcllung der Wasserschl\u00e4uche. Die Schl\u00e4uche \u00fcben einen Druck auf den Teppich aus, und der vertikale Druck dichtet auch den Seitenschacht ab. Die Schl\u00e4uche sind mit einem automatischen \u00dcberlaufsystem verbunden. Beim Entladen rollen Sie die Decke zur\u00fcck, wobei das Wasser automatisch gespeichert oder in den Graben zur\u00fcckgef\u00fchrt wird. Beim F\u00fcllen der Wasserschl\u00e4uche schaltet die Pumpe automatisch ab, wenn alle Schl\u00e4uche gef\u00fcllt sind.<\/p>\n<p><a class=\"green-btn\" title=\"Kontaktieren Sie uns\" href=\"https:\/\/easysilage.nl\/de\/kontakt\/\">KONTAKTIERE UNS<\/a><\/p>\n<\/div>\n<\/div>\n<p>[\/vc_column_text][\/vc_column_inner][\/vc_row_inner][\/vc_column][\/vc_row][vc_row el_class=&#8220;section-services&#8220;][vc_column][vc_custom_heading text=&#8220;Vorteile des <b>Easy Silage<\/b><br \/>\nSchienensystem&#8220; font_container=&#8220;tag:h2|text_align:center&#8220; use_theme_fonts=&#8220;yes&#8220; el_class=&#8220;section-heading&#8220;][vc_row_inner el_class=&#8220;container&#8220;][vc_column_inner width=&#8220;1\/2&#8243;][vc_column_text]<img loading=\"lazy\" decoding=\"async\" class=\"alignnone size-full wp-image-2902\" src=\"https:\/\/easysilage.nl\/wp-content\/uploads\/2022\/08\/serives-07.png\" alt=\"\" width=\"109\" height=\"127\" \/>Die beste Art, Lasagne zu silieren[\/vc_column_text][vc_column_text]<img loading=\"lazy\" decoding=\"async\" class=\"alignnone size-full\" src=\"https:\/\/easysilage.nl\/wp-content\/uploads\/2022\/07\/serives-02.png\" alt=\"\" width=\"109\" height=\"127\" \/>Schnelleres und effizienteres Silieren: innerhalb von 30 Minuten[\/vc_column_text][vc_column_text]<img loading=\"lazy\" decoding=\"async\" class=\"alignnone size-full\" src=\"https:\/\/easysilage.nl\/wp-content\/uploads\/2022\/07\/serives-03.png\" alt=\"\" width=\"109\" height=\"127\" \/>Konstante optimale Futterqualit\u00e4t[\/vc_column_text][vc_column_text]<img loading=\"lazy\" decoding=\"async\" class=\"alignnone size-full\" src=\"https:\/\/easysilage.nl\/wp-content\/uploads\/2022\/08\/\/one-person.svg\" alt=\"\" width=\"109\" height=\"127\" \/>Eine Person kann das Portalsystem auf- und abrollen[\/vc_column_text][vc_column_text]<img loading=\"lazy\" decoding=\"async\" class=\"alignnone size-full\" src=\"https:\/\/easysilage.nl\/wp-content\/uploads\/2022\/08\/\/temperature.svg\" alt=\"\" width=\"109\" height=\"127\" \/>Verhindert Erhitzung<br \/>\n[\/vc_column_text][\/vc_column_inner][vc_column_inner width=&#8220;1\/2&#8243;][vc_column_text]<img loading=\"lazy\" decoding=\"async\" class=\"alignnone size-full\" src=\"https:\/\/easysilage.nl\/wp-content\/uploads\/2022\/07\/serives-04.png\" alt=\"\" width=\"109\" height=\"127\" \/>Vollautomatisches Einwickeln und Abrollen mit Fernbedienung[\/vc_column_text][vc_column_text]<img loading=\"lazy\" decoding=\"async\" class=\"alignnone size-full\" src=\"https:\/\/easysilage.nl\/wp-content\/uploads\/2022\/07\/serives-05.png\" alt=\"\" width=\"109\" height=\"127\" \/>Kosteneinsparung bei Arbeit und Material[\/vc_column_text][vc_column_text]<img loading=\"lazy\" decoding=\"async\" class=\"alignnone size-full wp-image-2905\" src=\"https:\/\/easysilage.nl\/wp-content\/uploads\/2022\/08\/serives-08.png\" alt=\"\" width=\"109\" height=\"127\" \/>Einfacher Einbau in praktisch alle Grabensilos[\/vc_column_text][vc_column_text]<img loading=\"lazy\" decoding=\"async\" class=\"alignnone size-full wp-image-2905\" src=\"https:\/\/easysilage.nl\/wp-content\/uploads\/2022\/08\/\/snel.svg\" alt=\"\" width=\"109\" height=\"127\" \/>Schnell, effizient, einfach[\/vc_column_text][vc_column_text]<img loading=\"lazy\" decoding=\"async\" class=\"alignnone size-full wp-image-2905\" src=\"https:\/\/easysilage.nl\/wp-content\/uploads\/2022\/08\/\/Icon-9.svg\" alt=\"\" width=\"109\" height=\"127\" \/>Zuverl\u00e4ssig das ganze Jahr \u00fcber[\/vc_column_text][\/vc_column_inner][\/vc_row_inner][vc_btn title=&#8220;KONTAKTIERE UNS&#8220; align=&#8220;center&#8220; link=&#8220;url:https%3A%2F%2Feasysilage.nl%2Fde%2Fkontakt%2F|title:Kontakt%20aufnehmen|&#8220; el_class=&#8220;green-btn-outer&#8220;][\/vc_column][\/vc_row][vc_row el_class=&#8220;footer-call green-footer-inner&#8220; css=&#8220;.vc_custom_1660306507855{margin-right: 0px !important;margin-left: 0px !important;}&#8220;][vc_column][vc_row_inner el_class=&#8220;container&#8220;][vc_column_inner width=&#8220;2\/3&#8243;][vc_custom_heading text=&#8220;Entdecken Sie den Komfort des<br \/>\n<b>Easy Silage<\/b> rail system&#8220; font_container=&#8220;tag:h2|text_align:left|color:%23f1f1f1&#8243; use_theme_fonts=&#8220;yes&#8220;][\/vc_column_inner][vc_column_inner width=&#8220;1\/3&#8243;][vc_btn title=&#8220;UNVERBINDLICHE BERATUNG&#8220; el_class=&#8220;custom-btn&#8220; link=&#8220;url:https%3A%2F%2Feasysilage.nl%2Fde%2Fkontakt%2F|&#8220;][\/vc_column_inner][\/vc_row_inner][\/vc_column][\/vc_row]<\/p>\n","protected":false},"excerpt":{"rendered":"<p>[vc_row el_class=&#8220;section-easy-met&#8220; el_id=&#8220;section-easy-met&#8220;][vc_column][vc_row_inner equal_height=&#8220;yes&#8220; content_placement=&#8220;middle&#8220; el_class=&#8220;container&#8220;][vc_column_inner width=&#8220;1\/2&#8243;][vc_custom_heading text=&#8220;Effiziente Silageabdeckung mit dem Easy Silage Schienensystem&#8220; use_theme_fonts=&#8220;yes&#8220; el_class=&#8220;section-main-heading&#8220;][\/vc_column_inner][vc_column_inner width=&#8220;1\/2&#8243;][vc_column_text css=&#8220;.vc_custom_1665477613227{margin-bottom: 0px !important;}&#8220;]Das Schienensystem wird in einer Rinne an der Silowand gef\u00fchrt. Er wird mit speziellen Halterungen an der Wand befestigt; die Silow\u00e4nde m\u00fcssen mindestens 20 cm dick sein. Es ist auch m\u00f6glich, die H\u00f6he der Maschine so&hellip; <a class=\"more-link\" href=\"https:\/\/easysilage.nl\/de\/loesungen\/schienensystem\/\">Continue reading <span class=\"screen-reader-text\">Schienensystem<\/span><\/a><\/p>\n","protected":false},"author":3,"featured_media":0,"parent":3052,"menu_order":0,"comment_status":"closed","ping_status":"closed","template":"inner-template.php","meta":{"inline_featured_image":false,"footnotes":""},"class_list":["post-3751","page","type-page","status-publish","hentry","entry"],"yoast_head":"<!-- This site is optimized with the Yoast SEO plugin v27.3 - https:\/\/yoast.com\/product\/yoast-seo-wordpress\/ -->\n<title>Schienensystem - Easy Silage<\/title>\n<meta name=\"description\" content=\"Effiziente Silageabdeckung mit dem Easy Silage Schienensystem\" \/>\n<meta name=\"robots\" content=\"index, follow, max-snippet:-1, max-image-preview:large, max-video-preview:-1\" \/>\n<link rel=\"canonical\" href=\"https:\/\/easysilage.nl\/de\/loesungen\/schienensystem\/\" \/>\n<meta property=\"og:locale\" content=\"de_DE\" \/>\n<meta property=\"og:type\" content=\"article\" \/>\n<meta property=\"og:title\" content=\"Schienensystem - Easy Silage\" \/>\n<meta property=\"og:description\" content=\"Effiziente Silageabdeckung mit dem Easy Silage Schienensystem\" \/>\n<meta property=\"og:url\" content=\"https:\/\/easysilage.nl\/de\/loesungen\/schienensystem\/\" \/>\n<meta property=\"og:site_name\" content=\"Easy Silage\" \/>\n<meta property=\"article:modified_time\" content=\"2022-11-19T05:31:21+00:00\" \/>\n<meta property=\"og:image\" content=\"https:\/\/easysilage.nl\/wp-content\/uploads\/2022\/08\/railsysteem1-1030x758-1.jpeg\" \/>\n<meta name=\"twitter:card\" content=\"summary_large_image\" \/>\n<meta name=\"twitter:label1\" content=\"Gesch\u00e4tzte Lesezeit\" \/>\n\t<meta name=\"twitter:data1\" content=\"5\u00a0Minuten\" \/>\n<script type=\"application\/ld+json\" class=\"yoast-schema-graph\">{\"@context\":\"https:\\\/\\\/schema.org\",\"@graph\":[{\"@type\":\"WebPage\",\"@id\":\"https:\\\/\\\/easysilage.nl\\\/de\\\/loesungen\\\/schienensystem\\\/\",\"url\":\"https:\\\/\\\/easysilage.nl\\\/de\\\/loesungen\\\/schienensystem\\\/\",\"name\":\"Schienensystem - Easy Silage\",\"isPartOf\":{\"@id\":\"https:\\\/\\\/easysilage.nl\\\/#website\"},\"primaryImageOfPage\":{\"@id\":\"https:\\\/\\\/easysilage.nl\\\/de\\\/loesungen\\\/schienensystem\\\/#primaryimage\"},\"image\":{\"@id\":\"https:\\\/\\\/easysilage.nl\\\/de\\\/loesungen\\\/schienensystem\\\/#primaryimage\"},\"thumbnailUrl\":\"https:\\\/\\\/easysilage.nl\\\/wp-content\\\/uploads\\\/2022\\\/08\\\/railsysteem1-1030x758-1.jpeg\",\"datePublished\":\"2022-11-18T10:01:03+00:00\",\"dateModified\":\"2022-11-19T05:31:21+00:00\",\"description\":\"Effiziente Silageabdeckung mit dem Easy Silage Schienensystem\",\"breadcrumb\":{\"@id\":\"https:\\\/\\\/easysilage.nl\\\/de\\\/loesungen\\\/schienensystem\\\/#breadcrumb\"},\"inLanguage\":\"de\",\"potentialAction\":[{\"@type\":\"ReadAction\",\"target\":[\"https:\\\/\\\/easysilage.nl\\\/de\\\/loesungen\\\/schienensystem\\\/\"]}]},{\"@type\":\"ImageObject\",\"inLanguage\":\"de\",\"@id\":\"https:\\\/\\\/easysilage.nl\\\/de\\\/loesungen\\\/schienensystem\\\/#primaryimage\",\"url\":\"https:\\\/\\\/easysilage.nl\\\/wp-content\\\/uploads\\\/2022\\\/08\\\/railsysteem1-1030x758-1.jpeg\",\"contentUrl\":\"https:\\\/\\\/easysilage.nl\\\/wp-content\\\/uploads\\\/2022\\\/08\\\/railsysteem1-1030x758-1.jpeg\"},{\"@type\":\"BreadcrumbList\",\"@id\":\"https:\\\/\\\/easysilage.nl\\\/de\\\/loesungen\\\/schienensystem\\\/#breadcrumb\",\"itemListElement\":[{\"@type\":\"ListItem\",\"position\":1,\"name\":\"Home\",\"item\":\"https:\\\/\\\/easysilage.nl\\\/\"},{\"@type\":\"ListItem\",\"position\":2,\"name\":\"L\u00f6sungen\",\"item\":\"https:\\\/\\\/easysilage.nl\\\/de\\\/loesungen\\\/\"},{\"@type\":\"ListItem\",\"position\":3,\"name\":\"Schienensystem\"}]},{\"@type\":\"WebSite\",\"@id\":\"https:\\\/\\\/easysilage.nl\\\/#website\",\"url\":\"https:\\\/\\\/easysilage.nl\\\/\",\"name\":\"Easy Silage\",\"description\":\"Behaal maximaal rendement met de Easy Silage lasagnekuil\",\"publisher\":{\"@id\":\"https:\\\/\\\/easysilage.nl\\\/#organization\"},\"potentialAction\":[{\"@type\":\"SearchAction\",\"target\":{\"@type\":\"EntryPoint\",\"urlTemplate\":\"https:\\\/\\\/easysilage.nl\\\/?s={search_term_string}\"},\"query-input\":{\"@type\":\"PropertyValueSpecification\",\"valueRequired\":true,\"valueName\":\"search_term_string\"}}],\"inLanguage\":\"de\"},{\"@type\":\"Organization\",\"@id\":\"https:\\\/\\\/easysilage.nl\\\/#organization\",\"name\":\"Easy Silage\",\"url\":\"https:\\\/\\\/easysilage.nl\\\/\",\"logo\":{\"@type\":\"ImageObject\",\"inLanguage\":\"de\",\"@id\":\"https:\\\/\\\/easysilage.nl\\\/#\\\/schema\\\/logo\\\/image\\\/\",\"url\":\"https:\\\/\\\/easysilage.nl\\\/wp-content\\\/uploads\\\/2025\\\/11\\\/cropped-logo-easy-silage-2025-v2-1.png\",\"contentUrl\":\"https:\\\/\\\/easysilage.nl\\\/wp-content\\\/uploads\\\/2025\\\/11\\\/cropped-logo-easy-silage-2025-v2-1.png\",\"width\":300,\"height\":52,\"caption\":\"Easy Silage\"},\"image\":{\"@id\":\"https:\\\/\\\/easysilage.nl\\\/#\\\/schema\\\/logo\\\/image\\\/\"}}]}<\/script>\n<!-- \/ Yoast SEO plugin. -->","yoast_head_json":{"title":"Schienensystem - Easy Silage","description":"Effiziente Silageabdeckung mit dem Easy Silage Schienensystem","robots":{"index":"index","follow":"follow","max-snippet":"max-snippet:-1","max-image-preview":"max-image-preview:large","max-video-preview":"max-video-preview:-1"},"canonical":"https:\/\/easysilage.nl\/de\/loesungen\/schienensystem\/","og_locale":"de_DE","og_type":"article","og_title":"Schienensystem - Easy Silage","og_description":"Effiziente Silageabdeckung mit dem Easy Silage Schienensystem","og_url":"https:\/\/easysilage.nl\/de\/loesungen\/schienensystem\/","og_site_name":"Easy Silage","article_modified_time":"2022-11-19T05:31:21+00:00","og_image":[{"url":"https:\/\/easysilage.nl\/wp-content\/uploads\/2022\/08\/railsysteem1-1030x758-1.jpeg","type":"","width":"","height":""}],"twitter_card":"summary_large_image","twitter_misc":{"Gesch\u00e4tzte Lesezeit":"5\u00a0Minuten"},"schema":{"@context":"https:\/\/schema.org","@graph":[{"@type":"WebPage","@id":"https:\/\/easysilage.nl\/de\/loesungen\/schienensystem\/","url":"https:\/\/easysilage.nl\/de\/loesungen\/schienensystem\/","name":"Schienensystem - Easy Silage","isPartOf":{"@id":"https:\/\/easysilage.nl\/#website"},"primaryImageOfPage":{"@id":"https:\/\/easysilage.nl\/de\/loesungen\/schienensystem\/#primaryimage"},"image":{"@id":"https:\/\/easysilage.nl\/de\/loesungen\/schienensystem\/#primaryimage"},"thumbnailUrl":"https:\/\/easysilage.nl\/wp-content\/uploads\/2022\/08\/railsysteem1-1030x758-1.jpeg","datePublished":"2022-11-18T10:01:03+00:00","dateModified":"2022-11-19T05:31:21+00:00","description":"Effiziente Silageabdeckung mit dem Easy Silage Schienensystem","breadcrumb":{"@id":"https:\/\/easysilage.nl\/de\/loesungen\/schienensystem\/#breadcrumb"},"inLanguage":"de","potentialAction":[{"@type":"ReadAction","target":["https:\/\/easysilage.nl\/de\/loesungen\/schienensystem\/"]}]},{"@type":"ImageObject","inLanguage":"de","@id":"https:\/\/easysilage.nl\/de\/loesungen\/schienensystem\/#primaryimage","url":"https:\/\/easysilage.nl\/wp-content\/uploads\/2022\/08\/railsysteem1-1030x758-1.jpeg","contentUrl":"https:\/\/easysilage.nl\/wp-content\/uploads\/2022\/08\/railsysteem1-1030x758-1.jpeg"},{"@type":"BreadcrumbList","@id":"https:\/\/easysilage.nl\/de\/loesungen\/schienensystem\/#breadcrumb","itemListElement":[{"@type":"ListItem","position":1,"name":"Home","item":"https:\/\/easysilage.nl\/"},{"@type":"ListItem","position":2,"name":"L\u00f6sungen","item":"https:\/\/easysilage.nl\/de\/loesungen\/"},{"@type":"ListItem","position":3,"name":"Schienensystem"}]},{"@type":"WebSite","@id":"https:\/\/easysilage.nl\/#website","url":"https:\/\/easysilage.nl\/","name":"Easy Silage","description":"Behaal maximaal rendement met de Easy Silage lasagnekuil","publisher":{"@id":"https:\/\/easysilage.nl\/#organization"},"potentialAction":[{"@type":"SearchAction","target":{"@type":"EntryPoint","urlTemplate":"https:\/\/easysilage.nl\/?s={search_term_string}"},"query-input":{"@type":"PropertyValueSpecification","valueRequired":true,"valueName":"search_term_string"}}],"inLanguage":"de"},{"@type":"Organization","@id":"https:\/\/easysilage.nl\/#organization","name":"Easy Silage","url":"https:\/\/easysilage.nl\/","logo":{"@type":"ImageObject","inLanguage":"de","@id":"https:\/\/easysilage.nl\/#\/schema\/logo\/image\/","url":"https:\/\/easysilage.nl\/wp-content\/uploads\/2025\/11\/cropped-logo-easy-silage-2025-v2-1.png","contentUrl":"https:\/\/easysilage.nl\/wp-content\/uploads\/2025\/11\/cropped-logo-easy-silage-2025-v2-1.png","width":300,"height":52,"caption":"Easy Silage"},"image":{"@id":"https:\/\/easysilage.nl\/#\/schema\/logo\/image\/"}}]}},"_links":{"self":[{"href":"https:\/\/easysilage.nl\/de\/wp-json\/wp\/v2\/pages\/3751","targetHints":{"allow":["GET"]}}],"collection":[{"href":"https:\/\/easysilage.nl\/de\/wp-json\/wp\/v2\/pages"}],"about":[{"href":"https:\/\/easysilage.nl\/de\/wp-json\/wp\/v2\/types\/page"}],"author":[{"embeddable":true,"href":"https:\/\/easysilage.nl\/de\/wp-json\/wp\/v2\/users\/3"}],"replies":[{"embeddable":true,"href":"https:\/\/easysilage.nl\/de\/wp-json\/wp\/v2\/comments?post=3751"}],"version-history":[{"count":5,"href":"https:\/\/easysilage.nl\/de\/wp-json\/wp\/v2\/pages\/3751\/revisions"}],"predecessor-version":[{"id":3832,"href":"https:\/\/easysilage.nl\/de\/wp-json\/wp\/v2\/pages\/3751\/revisions\/3832"}],"up":[{"embeddable":true,"href":"https:\/\/easysilage.nl\/de\/wp-json\/wp\/v2\/pages\/3052"}],"wp:attachment":[{"href":"https:\/\/easysilage.nl\/de\/wp-json\/wp\/v2\/media?parent=3751"}],"curies":[{"name":"wp","href":"https:\/\/api.w.org\/{rel}","templated":true}]}}