{"id":3739,"date":"2022-11-18T09:40:19","date_gmt":"2022-11-18T09:40:19","guid":{"rendered":"https:\/\/easysilage.nl\/gantry-system\/"},"modified":"2022-12-21T12:49:47","modified_gmt":"2022-12-21T12:49:47","slug":"gantry-system","status":"publish","type":"page","link":"https:\/\/easysilage.nl\/de\/loesungen\/gantry-system\/","title":{"rendered":"Gantry-System"},"content":{"rendered":"<p>[vc_row el_class=&#8220;section-easy-met&#8220; el_id=&#8220;section-easy-met&#8220;][vc_column][vc_row_inner equal_height=&#8220;yes&#8220; content_placement=&#8220;middle&#8220; el_class=&#8220;container&#8220;][vc_column_inner width=&#8220;1\/2&#8243;][vc_custom_heading text=&#8220;Effiziente Abdeckung von<br \/>\nRaufutter mit dem <b>Easy Silage<\/b><br \/>\nPortal System&#8220; use_theme_fonts=&#8220;yes&#8220; el_class=&#8220;section-main-heading&#8220;][\/vc_column_inner][vc_column_inner width=&#8220;1\/2&#8243;][vc_column_text css=&#8220;.vc_custom_1665491035600{margin-bottom: 0px !important;}&#8220;]Das Portalsystem ist f\u00fcr Silos mit einer Breite von bis zu 26 Metern geeignet. Die Maschine f\u00e4hrt an den W\u00e4nden des Silos entlang.<\/p>\n<p><strong>Standardmerkmale<\/strong><br \/>\n<i class=\"fas fa-check green-check\"><\/i> LED-Beleuchtung<br \/>\n<i class=\"fas fa-check green-check\"><\/i> Korrektur der Lenkung<br \/>\n<i class=\"fas fa-check green-check\"><\/i> CE-Kennzeichnung<\/p>\n<p>Nach dem Silieren ist das Verschlie\u00dfen des Grabensilos eine einfache Aufgabe. Sie rollen die Plane \u00fcber das Raufutter. Dann schlie\u00dfen Sie die Plane an das \u00dcberlaufsystem an. Sie schalten die Wasserpumpe mit automatischer Niveauregulierung ein, und etwa eine Stunde sp\u00e4ter ist das Deckblatt mit Wasser gef\u00fcllt. Das Wassersystem sorgt f\u00fcr eine gleichm\u00e4\u00dfige Bef\u00fcllung der Wasserschl\u00e4uche.[\/vc_column_text][\/vc_column_inner][\/vc_row_inner][\/vc_column][\/vc_row][vc_row el_class=&#8220;section-video&#8220;][vc_column][vc_row_inner equal_height=&#8220;yes&#8220; content_placement=&#8220;middle&#8220; el_class=&#8220;container&#8220;][vc_column_inner][vc_column_text]<\/p>\n<div class=\"gallery-wrap\"><a data-toggle=\"modal\" data-target=\"#exampleModal-2887\"><img loading=\"lazy\" decoding=\"async\" class=\"alignnone size-full wp-image-2973\" src=\"https:\/\/easysilage.nl\/wp-content\/uploads\/2022\/08\/Mask-group.png\" alt=\"\" width=\"611\" height=\"538\" srcset=\"https:\/\/easysilage.nl\/wp-content\/uploads\/2022\/08\/Mask-group.png 611w, https:\/\/easysilage.nl\/wp-content\/uploads\/2022\/08\/Mask-group-300x264.png 300w\" sizes=\"auto, (max-width: 611px) 100vw, 611px\" \/><button class=\"btn btn-primary\" type=\"button\" data-toggle=\"modal\" data-target=\"#exampleModal-2887\">MEHR BILDER<\/button><\/a><\/div>\n<p>[\/vc_column_text][vc_column_text]<\/p>\n<div class=\"vidoe-text-wrap\">\n<div class=\"vidoe-text\">\n<h2 class=\"section-heading\">Optimale Qualit\u00e4t des Futters<\/h2>\n<p>Die auf der Schnittfl\u00e4che des Futters liegende Siegelwalze sorgt f\u00fcr einen dichten Verschluss und verhindert ein Aufbl\u00e4hen der Abdeckung. Die Siegelwalze verhindert au\u00dferdem Verbr\u00fchungen. Das System kann im Winter mit Salzwasser gef\u00fcllt werden. Dadurch kann das System auch bei winterlichen Bedingungen optimal funktionieren.<\/p>\n<p><strong>Antriebsoptionen<\/strong><br \/>\n<i class=\"fas fa-check green-check\"><\/i> Solar<br \/>\n<i class=\"fas fa-check green-check\"><\/i> Netzstrom<br \/>\n<i class=\"fas fa-check green-check\"><\/i> Generator\/Benzin oder Diesel<br \/>\n<i class=\"fas fa-check green-check\"><\/i> Externe Quelle\/Schleppschaufel<\/p>\n<p><strong>Betrieb<\/strong><br \/>\n<i class=\"fas fa-check green-check\"><\/i> Fernsteuerung<br \/>\n<i class=\"fas fa-check green-check\"><\/i> Von einer Plattform<\/p>\n<p><button class=\"btn green-btn btn-video\" type=\"button\" data-toggle=\"modal\" data-src=\"https:\/\/player.vimeo.com\/video\/475437248?badge=0&amp;autoplay=1&amp;loop=1\" data-target=\"#myModalvideo\">Video-Pr\u00e4sentation<\/button><\/p>\n<p><a class=\"green-btn\" title=\"Kontaktieren Sie uns\" href=\"https:\/\/easysilage.nl\/de\/kontakt\/\">KONTAKTIERE UNS<\/a><\/p>\n<\/div>\n<\/div>\n<p>[\/vc_column_text][\/vc_column_inner][\/vc_row_inner][\/vc_column][\/vc_row][vc_row el_class=&#8220;section-services&#8220;][vc_column][vc_custom_heading text=&#8220;Vorteile des <b>Easy Silage<\/b><br \/>\nPortalsystems&#8220; font_container=&#8220;tag:h2|text_align:center&#8220; use_theme_fonts=&#8220;yes&#8220; el_class=&#8220;section-heading&#8220;][vc_row_inner el_class=&#8220;container&#8220;][vc_column_inner width=&#8220;1\/2&#8243;][vc_column_text]<img loading=\"lazy\" decoding=\"async\" class=\"alignnone size-full wp-image-2902\" src=\"https:\/\/easysilage.nl\/wp-content\/uploads\/2022\/08\/serives-07.png\" alt=\"\" width=\"109\" height=\"127\" \/>Die beste Art, Lasagne zu kochen[\/vc_column_text][vc_column_text]<img loading=\"lazy\" decoding=\"async\" class=\"alignnone size-full\" src=\"https:\/\/easysilage.nl\/wp-content\/uploads\/2022\/07\/serives-02.png\" alt=\"\" width=\"109\" height=\"127\" \/>Schnelleres und effizienteres Silieren: innerhalb von 30 Minuten[\/vc_column_text][vc_column_text]<img loading=\"lazy\" decoding=\"async\" class=\"alignnone size-full\" src=\"https:\/\/easysilage.nl\/wp-content\/uploads\/2022\/07\/serives-03.png\" alt=\"\" width=\"109\" height=\"127\" \/>Konstante optimale Futterqualit\u00e4t[\/vc_column_text][vc_column_text]<img loading=\"lazy\" decoding=\"async\" class=\"alignnone size-full\" src=\"https:\/\/easysilage.nl\/wp-content\/uploads\/2022\/08\/\/one-person.svg\" alt=\"\" width=\"109\" height=\"127\" \/>Eine Person kann das Portalsystem auf- und abrollen[\/vc_column_text][\/vc_column_inner][vc_column_inner width=&#8220;1\/2&#8243;][vc_column_text]<img loading=\"lazy\" decoding=\"async\" class=\"alignnone size-full\" src=\"https:\/\/easysilage.nl\/wp-content\/uploads\/2022\/07\/serives-04.png\" alt=\"\" width=\"109\" height=\"127\" \/>Vollautomatisches Einwickeln und Abrollen mit Fernbedienung[\/vc_column_text][vc_column_text]<img loading=\"lazy\" decoding=\"async\" class=\"alignnone size-full\" src=\"https:\/\/easysilage.nl\/wp-content\/uploads\/2022\/07\/serives-05.png\" alt=\"\" width=\"109\" height=\"127\" \/>Kosteneinsparung bei Arbeit und Material[\/vc_column_text][vc_column_text]<img loading=\"lazy\" decoding=\"async\" class=\"alignnone size-full wp-image-2905\" src=\"https:\/\/easysilage.nl\/wp-content\/uploads\/2022\/08\/serives-08.png\" alt=\"\" width=\"109\" height=\"127\" \/>Einfacher Einbau in praktisch alle Grabensilos[\/vc_column_text][vc_column_text]<img loading=\"lazy\" decoding=\"async\" class=\"alignnone size-full wp-image-2905\" src=\"https:\/\/easysilage.nl\/wp-content\/uploads\/2022\/08\/\/snel.svg\" alt=\"\" width=\"109\" height=\"127\" \/>Schnell, effizient, einfach[\/vc_column_text][\/vc_column_inner][\/vc_row_inner][vc_btn title=&#8220;KONTAKTIERE UNS&#8220; align=&#8220;center&#8220; link=&#8220;url:https%3A%2F%2Feasysilage.nl%2Fde%2Fkontakt%2F|title:Kontaktieren%20Sie%20uns|&#8220; el_class=&#8220;green-btn-outer&#8220;][\/vc_column][\/vc_row][vc_row el_class=&#8220;footer-call green-footer-inner&#8220; css=&#8220;.vc_custom_1660306507855{margin-right: 0px !important;margin-left: 0px !important;}&#8220;][vc_column][vc_row_inner el_class=&#8220;container&#8220;][vc_column_inner width=&#8220;2\/3&#8243;][vc_custom_heading text=&#8220;Entdecken Sie den Komfort des<br \/>\n<b>Easy Silage<\/b> portalsystems&#8220; font_container=&#8220;tag:h2|text_align:left|color:%23f1f1f1&#8243; use_theme_fonts=&#8220;yes&#8220;][\/vc_column_inner][vc_column_inner width=&#8220;1\/3&#8243;][vc_btn title=&#8220;UNVERBINDLICHE BERATUNG&#8220; el_class=&#8220;custom-btn&#8220; link=&#8220;url:https%3A%2F%2Feasysilage.nl%2Fde%2Fkontakt%2F|&#8220;][\/vc_column_inner][\/vc_row_inner][\/vc_column][\/vc_row]<\/p>\n","protected":false},"excerpt":{"rendered":"<p>[vc_row el_class=&#8220;section-easy-met&#8220; el_id=&#8220;section-easy-met&#8220;][vc_column][vc_row_inner equal_height=&#8220;yes&#8220; content_placement=&#8220;middle&#8220; el_class=&#8220;container&#8220;][vc_column_inner width=&#8220;1\/2&#8243;][vc_custom_heading text=&#8220;Effiziente Abdeckung von Raufutter mit dem Easy Silage Portal System&#8220; use_theme_fonts=&#8220;yes&#8220; el_class=&#8220;section-main-heading&#8220;][\/vc_column_inner][vc_column_inner width=&#8220;1\/2&#8243;][vc_column_text css=&#8220;.vc_custom_1665491035600{margin-bottom: 0px !important;}&#8220;]Das Portalsystem ist f\u00fcr Silos mit einer Breite von bis zu 26 Metern geeignet. Die Maschine f\u00e4hrt an den W\u00e4nden des Silos entlang. Standardmerkmale LED-Beleuchtung Korrektur der Lenkung CE-Kennzeichnung Nach dem Silieren ist&hellip; <a class=\"more-link\" href=\"https:\/\/easysilage.nl\/de\/loesungen\/gantry-system\/\">Continue reading <span class=\"screen-reader-text\">Gantry-System<\/span><\/a><\/p>\n","protected":false},"author":3,"featured_media":0,"parent":3052,"menu_order":0,"comment_status":"closed","ping_status":"closed","template":"inner-template.php","meta":{"inline_featured_image":false,"footnotes":""},"class_list":["post-3739","page","type-page","status-publish","hentry","entry"],"yoast_head":"<!-- This site is optimized with the Yoast SEO plugin v27.3 - https:\/\/yoast.com\/product\/yoast-seo-wordpress\/ -->\n<title>Gantry-System - Easy Silage<\/title>\n<meta name=\"description\" content=\"Easy Silage Gantry-System: Der Weg zur deutlichen Verbesserung der Futterqualit\u00e4t.\" \/>\n<meta name=\"robots\" content=\"index, follow, max-snippet:-1, max-image-preview:large, max-video-preview:-1\" \/>\n<link rel=\"canonical\" href=\"https:\/\/easysilage.nl\/de\/loesungen\/gantry-system\/\" \/>\n<meta property=\"og:locale\" content=\"de_DE\" \/>\n<meta property=\"og:type\" content=\"article\" \/>\n<meta property=\"og:title\" content=\"Gantry-System - Easy Silage\" \/>\n<meta property=\"og:description\" content=\"Easy Silage Gantry-System: Der Weg zur deutlichen Verbesserung der Futterqualit\u00e4t.\" \/>\n<meta property=\"og:url\" content=\"https:\/\/easysilage.nl\/de\/loesungen\/gantry-system\/\" \/>\n<meta property=\"og:site_name\" content=\"Easy Silage\" \/>\n<meta property=\"article:modified_time\" content=\"2022-12-21T12:49:47+00:00\" \/>\n<meta property=\"og:image\" content=\"https:\/\/easysilage.nl\/wp-content\/uploads\/2022\/08\/Mask-group.png\" \/>\n<meta name=\"twitter:card\" content=\"summary_large_image\" \/>\n<meta name=\"twitter:label1\" content=\"Gesch\u00e4tzte Lesezeit\" \/>\n\t<meta name=\"twitter:data1\" content=\"4\u00a0Minuten\" \/>\n<script type=\"application\/ld+json\" class=\"yoast-schema-graph\">{\"@context\":\"https:\\\/\\\/schema.org\",\"@graph\":[{\"@type\":\"WebPage\",\"@id\":\"https:\\\/\\\/easysilage.nl\\\/de\\\/loesungen\\\/gantry-system\\\/\",\"url\":\"https:\\\/\\\/easysilage.nl\\\/de\\\/loesungen\\\/gantry-system\\\/\",\"name\":\"Gantry-System - Easy Silage\",\"isPartOf\":{\"@id\":\"https:\\\/\\\/easysilage.nl\\\/#website\"},\"primaryImageOfPage\":{\"@id\":\"https:\\\/\\\/easysilage.nl\\\/de\\\/loesungen\\\/gantry-system\\\/#primaryimage\"},\"image\":{\"@id\":\"https:\\\/\\\/easysilage.nl\\\/de\\\/loesungen\\\/gantry-system\\\/#primaryimage\"},\"thumbnailUrl\":\"https:\\\/\\\/easysilage.nl\\\/wp-content\\\/uploads\\\/2022\\\/08\\\/Mask-group.png\",\"datePublished\":\"2022-11-18T09:40:19+00:00\",\"dateModified\":\"2022-12-21T12:49:47+00:00\",\"description\":\"Easy Silage Gantry-System: Der Weg zur deutlichen Verbesserung der Futterqualit\u00e4t.\",\"breadcrumb\":{\"@id\":\"https:\\\/\\\/easysilage.nl\\\/de\\\/loesungen\\\/gantry-system\\\/#breadcrumb\"},\"inLanguage\":\"de\",\"potentialAction\":[{\"@type\":\"ReadAction\",\"target\":[\"https:\\\/\\\/easysilage.nl\\\/de\\\/loesungen\\\/gantry-system\\\/\"]}]},{\"@type\":\"ImageObject\",\"inLanguage\":\"de\",\"@id\":\"https:\\\/\\\/easysilage.nl\\\/de\\\/loesungen\\\/gantry-system\\\/#primaryimage\",\"url\":\"https:\\\/\\\/easysilage.nl\\\/wp-content\\\/uploads\\\/2022\\\/08\\\/Mask-group.png\",\"contentUrl\":\"https:\\\/\\\/easysilage.nl\\\/wp-content\\\/uploads\\\/2022\\\/08\\\/Mask-group.png\"},{\"@type\":\"BreadcrumbList\",\"@id\":\"https:\\\/\\\/easysilage.nl\\\/de\\\/loesungen\\\/gantry-system\\\/#breadcrumb\",\"itemListElement\":[{\"@type\":\"ListItem\",\"position\":1,\"name\":\"Home\",\"item\":\"https:\\\/\\\/easysilage.nl\\\/\"},{\"@type\":\"ListItem\",\"position\":2,\"name\":\"L\u00f6sungen\",\"item\":\"https:\\\/\\\/easysilage.nl\\\/de\\\/loesungen\\\/\"},{\"@type\":\"ListItem\",\"position\":3,\"name\":\"Gantry-System\"}]},{\"@type\":\"WebSite\",\"@id\":\"https:\\\/\\\/easysilage.nl\\\/#website\",\"url\":\"https:\\\/\\\/easysilage.nl\\\/\",\"name\":\"Easy Silage\",\"description\":\"Behaal maximaal rendement met de Easy Silage lasagnekuil\",\"publisher\":{\"@id\":\"https:\\\/\\\/easysilage.nl\\\/#organization\"},\"potentialAction\":[{\"@type\":\"SearchAction\",\"target\":{\"@type\":\"EntryPoint\",\"urlTemplate\":\"https:\\\/\\\/easysilage.nl\\\/?s={search_term_string}\"},\"query-input\":{\"@type\":\"PropertyValueSpecification\",\"valueRequired\":true,\"valueName\":\"search_term_string\"}}],\"inLanguage\":\"de\"},{\"@type\":\"Organization\",\"@id\":\"https:\\\/\\\/easysilage.nl\\\/#organization\",\"name\":\"Easy Silage\",\"url\":\"https:\\\/\\\/easysilage.nl\\\/\",\"logo\":{\"@type\":\"ImageObject\",\"inLanguage\":\"de\",\"@id\":\"https:\\\/\\\/easysilage.nl\\\/#\\\/schema\\\/logo\\\/image\\\/\",\"url\":\"https:\\\/\\\/easysilage.nl\\\/wp-content\\\/uploads\\\/2025\\\/11\\\/cropped-logo-easy-silage-2025-v2-1.png\",\"contentUrl\":\"https:\\\/\\\/easysilage.nl\\\/wp-content\\\/uploads\\\/2025\\\/11\\\/cropped-logo-easy-silage-2025-v2-1.png\",\"width\":300,\"height\":52,\"caption\":\"Easy Silage\"},\"image\":{\"@id\":\"https:\\\/\\\/easysilage.nl\\\/#\\\/schema\\\/logo\\\/image\\\/\"}}]}<\/script>\n<!-- \/ Yoast SEO plugin. -->","yoast_head_json":{"title":"Gantry-System - Easy Silage","description":"Easy Silage Gantry-System: Der Weg zur deutlichen Verbesserung der Futterqualit\u00e4t.","robots":{"index":"index","follow":"follow","max-snippet":"max-snippet:-1","max-image-preview":"max-image-preview:large","max-video-preview":"max-video-preview:-1"},"canonical":"https:\/\/easysilage.nl\/de\/loesungen\/gantry-system\/","og_locale":"de_DE","og_type":"article","og_title":"Gantry-System - Easy Silage","og_description":"Easy Silage Gantry-System: Der Weg zur deutlichen Verbesserung der Futterqualit\u00e4t.","og_url":"https:\/\/easysilage.nl\/de\/loesungen\/gantry-system\/","og_site_name":"Easy Silage","article_modified_time":"2022-12-21T12:49:47+00:00","og_image":[{"url":"https:\/\/easysilage.nl\/wp-content\/uploads\/2022\/08\/Mask-group.png","type":"","width":"","height":""}],"twitter_card":"summary_large_image","twitter_misc":{"Gesch\u00e4tzte Lesezeit":"4\u00a0Minuten"},"schema":{"@context":"https:\/\/schema.org","@graph":[{"@type":"WebPage","@id":"https:\/\/easysilage.nl\/de\/loesungen\/gantry-system\/","url":"https:\/\/easysilage.nl\/de\/loesungen\/gantry-system\/","name":"Gantry-System - Easy Silage","isPartOf":{"@id":"https:\/\/easysilage.nl\/#website"},"primaryImageOfPage":{"@id":"https:\/\/easysilage.nl\/de\/loesungen\/gantry-system\/#primaryimage"},"image":{"@id":"https:\/\/easysilage.nl\/de\/loesungen\/gantry-system\/#primaryimage"},"thumbnailUrl":"https:\/\/easysilage.nl\/wp-content\/uploads\/2022\/08\/Mask-group.png","datePublished":"2022-11-18T09:40:19+00:00","dateModified":"2022-12-21T12:49:47+00:00","description":"Easy Silage Gantry-System: Der Weg zur deutlichen Verbesserung der Futterqualit\u00e4t.","breadcrumb":{"@id":"https:\/\/easysilage.nl\/de\/loesungen\/gantry-system\/#breadcrumb"},"inLanguage":"de","potentialAction":[{"@type":"ReadAction","target":["https:\/\/easysilage.nl\/de\/loesungen\/gantry-system\/"]}]},{"@type":"ImageObject","inLanguage":"de","@id":"https:\/\/easysilage.nl\/de\/loesungen\/gantry-system\/#primaryimage","url":"https:\/\/easysilage.nl\/wp-content\/uploads\/2022\/08\/Mask-group.png","contentUrl":"https:\/\/easysilage.nl\/wp-content\/uploads\/2022\/08\/Mask-group.png"},{"@type":"BreadcrumbList","@id":"https:\/\/easysilage.nl\/de\/loesungen\/gantry-system\/#breadcrumb","itemListElement":[{"@type":"ListItem","position":1,"name":"Home","item":"https:\/\/easysilage.nl\/"},{"@type":"ListItem","position":2,"name":"L\u00f6sungen","item":"https:\/\/easysilage.nl\/de\/loesungen\/"},{"@type":"ListItem","position":3,"name":"Gantry-System"}]},{"@type":"WebSite","@id":"https:\/\/easysilage.nl\/#website","url":"https:\/\/easysilage.nl\/","name":"Easy Silage","description":"Behaal maximaal rendement met de Easy Silage lasagnekuil","publisher":{"@id":"https:\/\/easysilage.nl\/#organization"},"potentialAction":[{"@type":"SearchAction","target":{"@type":"EntryPoint","urlTemplate":"https:\/\/easysilage.nl\/?s={search_term_string}"},"query-input":{"@type":"PropertyValueSpecification","valueRequired":true,"valueName":"search_term_string"}}],"inLanguage":"de"},{"@type":"Organization","@id":"https:\/\/easysilage.nl\/#organization","name":"Easy Silage","url":"https:\/\/easysilage.nl\/","logo":{"@type":"ImageObject","inLanguage":"de","@id":"https:\/\/easysilage.nl\/#\/schema\/logo\/image\/","url":"https:\/\/easysilage.nl\/wp-content\/uploads\/2025\/11\/cropped-logo-easy-silage-2025-v2-1.png","contentUrl":"https:\/\/easysilage.nl\/wp-content\/uploads\/2025\/11\/cropped-logo-easy-silage-2025-v2-1.png","width":300,"height":52,"caption":"Easy Silage"},"image":{"@id":"https:\/\/easysilage.nl\/#\/schema\/logo\/image\/"}}]}},"_links":{"self":[{"href":"https:\/\/easysilage.nl\/de\/wp-json\/wp\/v2\/pages\/3739","targetHints":{"allow":["GET"]}}],"collection":[{"href":"https:\/\/easysilage.nl\/de\/wp-json\/wp\/v2\/pages"}],"about":[{"href":"https:\/\/easysilage.nl\/de\/wp-json\/wp\/v2\/types\/page"}],"author":[{"embeddable":true,"href":"https:\/\/easysilage.nl\/de\/wp-json\/wp\/v2\/users\/3"}],"replies":[{"embeddable":true,"href":"https:\/\/easysilage.nl\/de\/wp-json\/wp\/v2\/comments?post=3739"}],"version-history":[{"count":12,"href":"https:\/\/easysilage.nl\/de\/wp-json\/wp\/v2\/pages\/3739\/revisions"}],"predecessor-version":[{"id":3941,"href":"https:\/\/easysilage.nl\/de\/wp-json\/wp\/v2\/pages\/3739\/revisions\/3941"}],"up":[{"embeddable":true,"href":"https:\/\/easysilage.nl\/de\/wp-json\/wp\/v2\/pages\/3052"}],"wp:attachment":[{"href":"https:\/\/easysilage.nl\/de\/wp-json\/wp\/v2\/media?parent=3739"}],"curies":[{"name":"wp","href":"https:\/\/api.w.org\/{rel}","templated":true}]}}