{"id":3370,"date":"2022-09-02T12:25:56","date_gmt":"2022-09-02T12:25:56","guid":{"rendered":"https:\/\/easysilage.nl\/over-ons\/"},"modified":"2026-03-25T13:03:27","modified_gmt":"2026-03-25T13:03:27","slug":"uber-uns","status":"publish","type":"page","link":"https:\/\/easysilage.nl\/de\/uber-uns\/","title":{"rendered":"Uber uns"},"content":{"rendered":"<p>[vc_row el_class=&#8220;section-easy-met&#8220; el_id=&#8220;section-easy-met&#8220;][vc_column][vc_row_inner equal_height=&#8220;yes&#8220; content_placement=&#8220;middle&#8220; el_class=&#8220;container&#8220;][vc_column_inner width=&#8220;1\/2&#8243;][vc_custom_heading text=&#8220;Ma\u00dfgeschneiderte Siloabdeckungssysteme von <b>Easy Silage<\/b>&#8220; use_theme_fonts=&#8220;yes&#8220; el_class=&#8220;section-main-heading&#8220;][\/vc_column_inner][vc_column_inner width=&#8220;1\/2&#8243;][vc_column_text css=&#8220;.vc_custom_1774443614402{margin-bottom: 0px !important;}&#8220;]Easy Silage ist der Spezialist f\u00fcr Silageabdeckungen aus der niederl\u00e4ndischen Milchprovinz Friesland mit Sitz in Heerenveen. Jahrelange Erfahrung und Produktkenntnisse der verschiedenen Partner in diesem Bereich haben zu einem Produkt gef\u00fchrt, das f\u00fcr den Kunden ma\u00dfgeschneidert werden kann.<\/p>\n<p><\/p>\n<p>Die Easy Silage Abdecksysteme eignen sich f\u00fcr Grabensilos bis zu einer L\u00e4nge von 100 Metern und einer Breite von 25 Metern und sind einfach per Fernbedienung zu bedienen. Da jeder Betrieb einzigartig ist, wird ein ma\u00dfgeschneidertes Abdeckungssystem zusammengestellt. Grunds\u00e4tzlich sind 3 Systeme m\u00f6glich: das Portalsystem, das Schienensystem und das ES-Rollensystem.<\/p>\n<p>[\/vc_column_text][\/vc_column_inner][\/vc_row_inner][\/vc_column][\/vc_row][vc_row el_class=&#8220;section-video&#8220;][vc_column][vc_row_inner equal_height=&#8220;yes&#8220; content_placement=&#8220;middle&#8220; el_class=&#8220;container&#8220;][vc_column_inner][vc_column_text]<\/p>\n<div class=\"video-wrap\"><img loading=\"lazy\" decoding=\"async\" class=\"alignnone size-full wp-image-2783\" src=\"https:\/\/easysilage.nl\/wp-content\/uploads\/2022\/07\/video-img-1.png\" alt=\"\" width=\"612\" height=\"343\" srcset=\"https:\/\/easysilage.nl\/wp-content\/uploads\/2022\/07\/video-img-1.png 612w, https:\/\/easysilage.nl\/wp-content\/uploads\/2022\/07\/video-img-1-300x168.png 300w\" sizes=\"auto, (max-width: 612px) 100vw, 612px\" \/><button class=\"btn btn-primary video-btn\" type=\"button\" data-toggle=\"modal\" data-src=\"https:\/\/player.vimeo.com\/video\/475054158?badge=0&amp;autoplay=1&amp;loop=1\" data-target=\"#myModal\">Video-Pr\u00e4sentation<\/button><\/div>\n<p>\n[\/vc_column_text][vc_column_text]<\/p>\n<div class=\"vidoe-text-wrap\">\n<div class=\"vidoe-text\">\n<h2 class=\"section-heading\">Futteroptimierung mit minimalem Aufwand<\/h2>\n<p>F\u00fcr unsere Abdecksysteme k\u00f6nnen verschiedene Antriebssysteme gew\u00e4hlt werden:<br \/>\n<i class=\"fas fa-check green-check\"><\/i> Solar<br \/>\n<i class=\"fas fa-check green-check\"><\/i> Stromnetz<br \/>\n<i class=\"fas fa-check green-check\"><\/i> Stromerzeuger<br \/>\n<i class=\"fas fa-check green-check\"><\/i> Traktor<\/p>\n<p><strong>Bediening<\/strong><br \/>\n<i class=\"fas fa-check green-check\"><\/i> Afstandsbediening<br \/>\n<i class=\"fas fa-check green-check\"><\/i> Vanaf een plateau<\/p>\n<p>Desgewenst is de machine in breedte en hoogte verstelbaar en de rol aflegbaar.<\/p>\n<p><a class=\"green-btn\" title=\"Contact\" href=\"https:\/\/easysilage.nl\/de\/kontakt\/\">NEEM CONTACT OP<\/a><\/p>\n<\/div>\n<p><\/div>\n<p>\n[\/vc_column_text][\/vc_column_inner][\/vc_row_inner][\/vc_column][\/vc_row][vc_row el_class=&#8220;testimonials-wrap&#8220;][vc_column][vc_custom_heading text=&#8220;Was <b>unsere Kunden<\/b> zu sagen haben&#8220; font_container=&#8220;tag:h2|text_align:center&#8220; use_theme_fonts=&#8220;yes&#8220; el_class=&#8220;section-heading&#8220;][vc_row_inner][vc_column_inner][vc_column_text]<div class=\"sp-testimonial-free-wrapper-outer\"><div id=\"sp-testimonial-free-wrapper-2847\" class=\"sp-testimonial-free-wrapper\"><div id=\"sp-testimonial-free-2847\" class=\"sp-testimonial-free-section tfree-style-theme-one\" dir=\"ltr\" data-preloader=\"\" data-swiper='{\"dots\": false, \"adaptiveHeight\": false, \"pauseOnHover\": true, \"slidesToShow\": 1, \"speed\": 600, \"arrows\": true, \"autoplay\": true, \"autoplaySpeed\": 3000, \"swipe\": true, \"swipeToSlide\": false, \"draggable\": true, \"rtl\": false, \"infinite\": true,\"slidesPerView\": {\"lg_desktop\":1 , \"desktop\": 1, \"laptop\":1 , \"tablet\": 1, \"mobile\": 1},\"navigation_mobile\": true, \"pagination_mobile\":false, \"autoplay_mobile\":true}' ><div class=\"swiper-wrapper\"><div class=\"sp-testimonial-item swiper-slide\"><div class=\"sp-testimonial-free\"><div class=\"sp-testimonial-client-rating\"><i class=\"fa fa-star\" aria-hidden=\"true\"><\/i><i class=\"fa fa-star\" aria-hidden=\"true\"><\/i><i class=\"fa fa-star\" aria-hidden=\"true\"><\/i><i class=\"fa fa-star\" aria-hidden=\"true\"><\/i><i class=\"fa fa-star\" aria-hidden=\"true\"><\/i><\/div><div class=\"sp-testimonial-client-testimonial\"><div class=\"sp-testimonial-content\"><p>\u201cGoed bedrijf!! <br \/>Denkt met je mee.\u201d<\/p><\/div><\/div><h4 class=\"sp-testimonial-client-name\">Anja Vernooij<\/h4><\/div> <\/div> <div class=\"sp-testimonial-item swiper-slide\"><div class=\"sp-testimonial-free\"><div class=\"sp-testimonial-client-rating\"><i class=\"fa fa-star\" aria-hidden=\"true\"><\/i><i class=\"fa fa-star\" aria-hidden=\"true\"><\/i><i class=\"fa fa-star\" aria-hidden=\"true\"><\/i><i class=\"fa fa-star\" aria-hidden=\"true\"><\/i><i class=\"fa fa-star\" aria-hidden=\"true\"><\/i><\/div><div class=\"sp-testimonial-client-testimonial\"><div class=\"sp-testimonial-content\"><p>\u201cProfessioneel en innovatief<br \/>systeem.\u201d<\/p><\/div><\/div><h4 class=\"sp-testimonial-client-name\">Durk Wijnia<\/h4><\/div> <\/div> <\/div><div class=\"swiper-button-prev testimonial-nav-arrow\"><i class=\"fa fa-angle-left\"><\/i><\/div><div class=\"swiper-button-next testimonial-nav-arrow\"><i class=\"fa fa-angle-right\"><\/i><\/div><\/div><\/div><\/div>[\/vc_column_text][\/vc_column_inner][\/vc_row_inner][\/vc_column][\/vc_row][vc_row el_class=&#8220;green-footer-inner contact-g-footer&#8220; css=&#8220;.vc_custom_1660361874323{margin-right: 0px !important;margin-left: 0px !important;}&#8220;][vc_column][vc_row_inner content_placement=&#8220;middle&#8220; el_class=&#8220;container&#8220;][vc_column_inner width=&#8220;1\/2&#8243;][vc_custom_heading text=&#8220;Lesen Sie <br \/><b>unsere Brosch\u00fcre<\/b>&#8220; font_container=&#8220;tag:h5|text_align:left&#8220; use_theme_fonts=&#8220;yes&#8220;][vc_column_text el_class=&#8220;contact-btn-area&#8220;]<a href=\"https:\/\/easysilage.nl\/wp-content\/uploads\/2022\/08\/easysilage_folder_NL-digitaal-printversie.pdf\" target=\"_blank\" rel=\"noopener\">Brosch\u00fcre herunterladen <img loading=\"lazy\" decoding=\"async\" class=\"alignnone size-full wp-image-3036\" src=\"https:\/\/easysilage.nl\/wp-content\/uploads\/2022\/08\/pdf.png\" alt=\"\" width=\"20\" height=\"25\" \/><\/a><button class=\"btn btn-primary\" type=\"button\" data-toggle=\"modal\" data-target=\"#exampleModal\">Brosch\u00fcre per Post <img loading=\"lazy\" decoding=\"async\" class=\"alignnone size-full wp-image-3033\" src=\"https:\/\/easysilage.nl\/wp-content\/uploads\/2022\/08\/email.png\" alt=\"\" width=\"30\" height=\"15\" \/><\/button>[\/vc_column_text][\/vc_column_inner][vc_column_inner width=&#8220;1\/2&#8243;][vc_single_image image=&#8220;3015&#8243; img_size=&#8220;full&#8220; alignment=&#8220;center&#8220;][vc_column_text]<\/p>\n<div id=\"exampleModal\" class=\"modal fade\" tabindex=\"-1\" role=\"dialog\" aria-labelledby=\"exampleModalLabel\" aria-hidden=\"true\">\n<div class=\"modal-dialog\" role=\"document\">\n<div class=\"modal-content\">\n<div class=\"modal-header\">\n<h5 id=\"exampleModalLabel\" class=\"modal-title\">Brochure aanvragen<\/h5>\n<p><button class=\"close\" type=\"button\" data-dismiss=\"modal\" aria-label=\"Close\"><br \/>\n<span aria-hidden=\"true\">\u00d7<\/span><br \/>\n<\/button><\/p>\n<\/div>\n<p><\/p>\n<div class=\"modal-body\">\n<div class=\"wpcf7 no-js\" id=\"wpcf7-f3081-o1\" lang=\"en-US\" dir=\"ltr\" data-wpcf7-id=\"3081\">\n<div class=\"screen-reader-response\"><p role=\"status\" aria-live=\"polite\" aria-atomic=\"true\"><\/p> <ul><\/ul><\/div>\n<form action=\"\/de\/wp-json\/wp\/v2\/pages\/3370#wpcf7-f3081-o1\" method=\"post\" class=\"wpcf7-form init\" aria-label=\"Contact form\" novalidate=\"novalidate\" data-status=\"init\">\n<fieldset class=\"hidden-fields-container\"><input type=\"hidden\" name=\"_wpcf7\" value=\"3081\" \/><input type=\"hidden\" name=\"_wpcf7_version\" value=\"6.1.5\" \/><input type=\"hidden\" name=\"_wpcf7_locale\" value=\"en_US\" \/><input type=\"hidden\" name=\"_wpcf7_unit_tag\" value=\"wpcf7-f3081-o1\" \/><input type=\"hidden\" name=\"_wpcf7_container_post\" value=\"0\" \/><input type=\"hidden\" name=\"_wpcf7_posted_data_hash\" value=\"\" \/><input type=\"hidden\" name=\"_wpcf7_recaptcha_response\" value=\"\" \/>\n<\/fieldset>\n<div class=\"row popup-from\">\n\t<div class=\"col-sm-12\">\n\t\t<p><label>Naam:<\/label><br \/>\n<span class=\"wpcf7-form-control-wrap\" data-name=\"your-name\"><input size=\"40\" maxlength=\"400\" class=\"wpcf7-form-control wpcf7-text wpcf7-validates-as-required\" aria-required=\"true\" aria-invalid=\"false\" value=\"\" type=\"text\" name=\"your-name\" \/><\/span>\n\t\t<\/p>\n\t<\/div>\n\t<div class=\"col-sm-12\">\n\t\t<p><label>Bedrijfsnaam:<\/label><br \/>\n<span class=\"wpcf7-form-control-wrap\" data-name=\"your-name1\"><input size=\"40\" maxlength=\"400\" class=\"wpcf7-form-control wpcf7-text\" aria-invalid=\"false\" value=\"\" type=\"text\" name=\"your-name1\" \/><\/span>\n\t\t<\/p>\n\t<\/div>\n\t<div class=\"col-sm-12\">\n\t\t<p><label>E-mail:<\/label><br \/>\n<span class=\"wpcf7-form-control-wrap\" data-name=\"your-email\"><input size=\"40\" maxlength=\"400\" class=\"wpcf7-form-control wpcf7-email wpcf7-validates-as-required wpcf7-text wpcf7-validates-as-email\" aria-required=\"true\" aria-invalid=\"false\" value=\"\" type=\"email\" name=\"your-email\" \/><\/span>\n\t\t<\/p>\n\t<\/div>\n\t<div class=\"col-sm-12\">\n\t\t<p><label>Telefoon:<\/label><br \/>\n<span class=\"wpcf7-form-control-wrap\" data-name=\"tel-743\"><input size=\"40\" maxlength=\"400\" class=\"wpcf7-form-control wpcf7-tel wpcf7-text wpcf7-validates-as-tel\" aria-invalid=\"false\" value=\"\" type=\"tel\" name=\"tel-743\" \/><\/span>\n\t\t<\/p>\n\t<\/div>\n\t<div class=\"col-sm-8\">\n\t\t<p><label>Straat:<\/label><br \/>\n<span class=\"wpcf7-form-control-wrap\" data-name=\"straat\"><input size=\"40\" maxlength=\"400\" class=\"wpcf7-form-control wpcf7-text wpcf7-validates-as-required\" aria-required=\"true\" aria-invalid=\"false\" value=\"\" type=\"text\" name=\"straat\" \/><\/span>\n\t\t<\/p>\n\t<\/div>\n\t<div class=\"col-sm-4\">\n\t\t<p><label>Huisnummer:<\/label><br \/>\n<span class=\"wpcf7-form-control-wrap\" data-name=\"huisnummer\"><input size=\"40\" maxlength=\"400\" class=\"wpcf7-form-control wpcf7-text wpcf7-validates-as-required\" aria-required=\"true\" aria-invalid=\"false\" value=\"\" type=\"text\" name=\"huisnummer\" \/><\/span>\n\t\t<\/p>\n\t<\/div>\n\t<div class=\"col-sm-6\">\n\t\t<p><label>Postcode:<\/label><br \/>\n<span class=\"wpcf7-form-control-wrap\" data-name=\"postcode\"><input size=\"40\" maxlength=\"400\" class=\"wpcf7-form-control wpcf7-text wpcf7-validates-as-required\" aria-required=\"true\" aria-invalid=\"false\" value=\"\" type=\"text\" name=\"postcode\" \/><\/span>\n\t\t<\/p>\n\t<\/div>\n\t<div class=\"col-sm-6\">\n\t\t<p><label>Plaats:<\/label><br \/>\n<span class=\"wpcf7-form-control-wrap\" data-name=\"plaats\"><input size=\"40\" maxlength=\"400\" class=\"wpcf7-form-control wpcf7-text wpcf7-validates-as-required\" aria-required=\"true\" aria-invalid=\"false\" value=\"\" type=\"text\" name=\"plaats\" \/><\/span>\n\t\t<\/p>\n\t<\/div>\n\t<div class=\"col-sm-12\">\n\t\t<div class=\"submit-btn\">\n\t\t\t<p><input class=\"wpcf7-form-control wpcf7-submit has-spinner\" type=\"submit\" value=\"Versturen\" \/>\n\t\t\t<\/p>\n\t\t<\/div>\n\t<\/div>\n<\/div><p style=\"display: none !important;\" class=\"akismet-fields-container\" data-prefix=\"_wpcf7_ak_\"><label>&#916;<textarea name=\"_wpcf7_ak_hp_textarea\" cols=\"45\" rows=\"8\" maxlength=\"100\"><\/textarea><\/label><input type=\"hidden\" id=\"ak_js_1\" name=\"_wpcf7_ak_js\" value=\"99\"\/><script>document.getElementById( \"ak_js_1\" ).setAttribute( \"value\", ( new Date() ).getTime() );<\/script><\/p><div class=\"wpcf7-response-output\" aria-hidden=\"true\"><\/div>\n<\/form>\n<\/div>\n<\/div>\n<p><\/div>\n<p><\/div>\n<p><\/div>\n<p>[\/vc_column_text][\/vc_column_inner][\/vc_row_inner][\/vc_column][\/vc_row]<\/p>\n","protected":false},"excerpt":{"rendered":"<p>[vc_row el_class=&#8220;section-easy-met&#8220; el_id=&#8220;section-easy-met&#8220;][vc_column][vc_row_inner equal_height=&#8220;yes&#8220; content_placement=&#8220;middle&#8220; el_class=&#8220;container&#8220;][vc_column_inner width=&#8220;1\/2&#8243;][vc_custom_heading text=&#8220;Ma\u00dfgeschneiderte Siloabdeckungssysteme von Easy Silage&#8220; use_theme_fonts=&#8220;yes&#8220; el_class=&#8220;section-main-heading&#8220;][\/vc_column_inner][vc_column_inner width=&#8220;1\/2&#8243;][vc_column_text css=&#8220;.vc_custom_1774443614402{margin-bottom: 0px !important;}&#8220;]Easy Silage ist der Spezialist f\u00fcr Silageabdeckungen aus der niederl\u00e4ndischen Milchprovinz Friesland mit Sitz in Heerenveen. Jahrelange Erfahrung und Produktkenntnisse der verschiedenen Partner in diesem Bereich haben zu einem Produkt gef\u00fchrt, das f\u00fcr den Kunden ma\u00dfgeschneidert werden kann.&hellip; <a class=\"more-link\" href=\"https:\/\/easysilage.nl\/de\/spt_testimonial\/durk-wijnia\/\">Continue reading <span class=\"screen-reader-text\">Durk Wijnia<\/span><\/a><\/p>\n","protected":false},"author":3,"featured_media":0,"parent":0,"menu_order":0,"comment_status":"closed","ping_status":"closed","template":"inner-template.php","meta":{"inline_featured_image":false,"footnotes":""},"class_list":["post-3370","page","type-page","status-publish","hentry","entry"],"yoast_head":"<!-- This site is optimized with the Yoast SEO plugin v27.3 - https:\/\/yoast.com\/product\/yoast-seo-wordpress\/ -->\n<title>Uber uns - Easy Silage<\/title>\n<meta name=\"description\" content=\"Schnelle und effiziente Silierung mit den L\u00f6sungen von Easy Silage.\" \/>\n<meta name=\"robots\" content=\"index, follow, max-snippet:-1, max-image-preview:large, max-video-preview:-1\" \/>\n<link rel=\"canonical\" href=\"https:\/\/easysilage.nl\/de\/uber-uns\/\" \/>\n<meta property=\"og:locale\" content=\"de_DE\" \/>\n<meta property=\"og:type\" content=\"article\" \/>\n<meta property=\"og:title\" content=\"Uber uns - Easy Silage\" \/>\n<meta property=\"og:description\" content=\"Schnelle und effiziente Silierung mit den L\u00f6sungen von Easy Silage.\" \/>\n<meta property=\"og:url\" content=\"https:\/\/easysilage.nl\/de\/uber-uns\/\" \/>\n<meta property=\"og:site_name\" content=\"Easy Silage\" \/>\n<meta property=\"article:modified_time\" content=\"2026-03-25T13:03:27+00:00\" \/>\n<meta property=\"og:image\" content=\"https:\/\/easysilage.nl\/wp-content\/uploads\/2022\/07\/video-img-1.png\" \/>\n\t<meta property=\"og:image:width\" content=\"612\" \/>\n\t<meta property=\"og:image:height\" content=\"343\" \/>\n\t<meta property=\"og:image:type\" content=\"image\/png\" \/>\n<meta name=\"twitter:card\" content=\"summary_large_image\" \/>\n<meta name=\"twitter:label1\" content=\"Gesch\u00e4tzte Lesezeit\" \/>\n\t<meta name=\"twitter:data1\" content=\"2\u00a0Minuten\" \/>\n<script type=\"application\/ld+json\" class=\"yoast-schema-graph\">{\"@context\":\"https:\\\/\\\/schema.org\",\"@graph\":[{\"@type\":\"WebPage\",\"@id\":\"https:\\\/\\\/easysilage.nl\\\/de\\\/uber-uns\\\/\",\"url\":\"https:\\\/\\\/easysilage.nl\\\/de\\\/uber-uns\\\/\",\"name\":\"Uber uns - Easy Silage\",\"isPartOf\":{\"@id\":\"https:\\\/\\\/easysilage.nl\\\/#website\"},\"primaryImageOfPage\":{\"@id\":\"https:\\\/\\\/easysilage.nl\\\/de\\\/uber-uns\\\/#primaryimage\"},\"image\":{\"@id\":\"https:\\\/\\\/easysilage.nl\\\/de\\\/uber-uns\\\/#primaryimage\"},\"thumbnailUrl\":\"https:\\\/\\\/easysilage.nl\\\/wp-content\\\/uploads\\\/2022\\\/07\\\/video-img-1.png\",\"datePublished\":\"2022-09-02T12:25:56+00:00\",\"dateModified\":\"2026-03-25T13:03:27+00:00\",\"description\":\"Schnelle und effiziente Silierung mit den L\u00f6sungen von Easy Silage.\",\"breadcrumb\":{\"@id\":\"https:\\\/\\\/easysilage.nl\\\/de\\\/uber-uns\\\/#breadcrumb\"},\"inLanguage\":\"de\",\"potentialAction\":[{\"@type\":\"ReadAction\",\"target\":[\"https:\\\/\\\/easysilage.nl\\\/de\\\/uber-uns\\\/\"]}]},{\"@type\":\"ImageObject\",\"inLanguage\":\"de\",\"@id\":\"https:\\\/\\\/easysilage.nl\\\/de\\\/uber-uns\\\/#primaryimage\",\"url\":\"https:\\\/\\\/easysilage.nl\\\/wp-content\\\/uploads\\\/2022\\\/07\\\/video-img-1.png\",\"contentUrl\":\"https:\\\/\\\/easysilage.nl\\\/wp-content\\\/uploads\\\/2022\\\/07\\\/video-img-1.png\"},{\"@type\":\"BreadcrumbList\",\"@id\":\"https:\\\/\\\/easysilage.nl\\\/de\\\/uber-uns\\\/#breadcrumb\",\"itemListElement\":[{\"@type\":\"ListItem\",\"position\":1,\"name\":\"Home\",\"item\":\"https:\\\/\\\/easysilage.nl\\\/\"},{\"@type\":\"ListItem\",\"position\":2,\"name\":\"Uber uns\"}]},{\"@type\":\"WebSite\",\"@id\":\"https:\\\/\\\/easysilage.nl\\\/#website\",\"url\":\"https:\\\/\\\/easysilage.nl\\\/\",\"name\":\"Easy Silage\",\"description\":\"Behaal maximaal rendement met de Easy Silage lasagnekuil\",\"publisher\":{\"@id\":\"https:\\\/\\\/easysilage.nl\\\/#organization\"},\"potentialAction\":[{\"@type\":\"SearchAction\",\"target\":{\"@type\":\"EntryPoint\",\"urlTemplate\":\"https:\\\/\\\/easysilage.nl\\\/?s={search_term_string}\"},\"query-input\":{\"@type\":\"PropertyValueSpecification\",\"valueRequired\":true,\"valueName\":\"search_term_string\"}}],\"inLanguage\":\"de\"},{\"@type\":\"Organization\",\"@id\":\"https:\\\/\\\/easysilage.nl\\\/#organization\",\"name\":\"Easy Silage\",\"url\":\"https:\\\/\\\/easysilage.nl\\\/\",\"logo\":{\"@type\":\"ImageObject\",\"inLanguage\":\"de\",\"@id\":\"https:\\\/\\\/easysilage.nl\\\/#\\\/schema\\\/logo\\\/image\\\/\",\"url\":\"https:\\\/\\\/easysilage.nl\\\/wp-content\\\/uploads\\\/2025\\\/11\\\/cropped-logo-easy-silage-2025-v2-1.png\",\"contentUrl\":\"https:\\\/\\\/easysilage.nl\\\/wp-content\\\/uploads\\\/2025\\\/11\\\/cropped-logo-easy-silage-2025-v2-1.png\",\"width\":300,\"height\":52,\"caption\":\"Easy Silage\"},\"image\":{\"@id\":\"https:\\\/\\\/easysilage.nl\\\/#\\\/schema\\\/logo\\\/image\\\/\"}}]}<\/script>\n<!-- \/ Yoast SEO plugin. -->","yoast_head_json":{"title":"Uber uns - Easy Silage","description":"Schnelle und effiziente Silierung mit den L\u00f6sungen von Easy Silage.","robots":{"index":"index","follow":"follow","max-snippet":"max-snippet:-1","max-image-preview":"max-image-preview:large","max-video-preview":"max-video-preview:-1"},"canonical":"https:\/\/easysilage.nl\/de\/uber-uns\/","og_locale":"de_DE","og_type":"article","og_title":"Uber uns - Easy Silage","og_description":"Schnelle und effiziente Silierung mit den L\u00f6sungen von Easy Silage.","og_url":"https:\/\/easysilage.nl\/de\/uber-uns\/","og_site_name":"Easy Silage","article_modified_time":"2026-03-25T13:03:27+00:00","og_image":[{"width":612,"height":343,"url":"https:\/\/easysilage.nl\/wp-content\/uploads\/2022\/07\/video-img-1.png","type":"image\/png"}],"twitter_card":"summary_large_image","twitter_misc":{"Gesch\u00e4tzte Lesezeit":"2\u00a0Minuten"},"schema":{"@context":"https:\/\/schema.org","@graph":[{"@type":"WebPage","@id":"https:\/\/easysilage.nl\/de\/uber-uns\/","url":"https:\/\/easysilage.nl\/de\/uber-uns\/","name":"Uber uns - Easy Silage","isPartOf":{"@id":"https:\/\/easysilage.nl\/#website"},"primaryImageOfPage":{"@id":"https:\/\/easysilage.nl\/de\/uber-uns\/#primaryimage"},"image":{"@id":"https:\/\/easysilage.nl\/de\/uber-uns\/#primaryimage"},"thumbnailUrl":"https:\/\/easysilage.nl\/wp-content\/uploads\/2022\/07\/video-img-1.png","datePublished":"2022-09-02T12:25:56+00:00","dateModified":"2026-03-25T13:03:27+00:00","description":"Schnelle und effiziente Silierung mit den L\u00f6sungen von Easy Silage.","breadcrumb":{"@id":"https:\/\/easysilage.nl\/de\/uber-uns\/#breadcrumb"},"inLanguage":"de","potentialAction":[{"@type":"ReadAction","target":["https:\/\/easysilage.nl\/de\/uber-uns\/"]}]},{"@type":"ImageObject","inLanguage":"de","@id":"https:\/\/easysilage.nl\/de\/uber-uns\/#primaryimage","url":"https:\/\/easysilage.nl\/wp-content\/uploads\/2022\/07\/video-img-1.png","contentUrl":"https:\/\/easysilage.nl\/wp-content\/uploads\/2022\/07\/video-img-1.png"},{"@type":"BreadcrumbList","@id":"https:\/\/easysilage.nl\/de\/uber-uns\/#breadcrumb","itemListElement":[{"@type":"ListItem","position":1,"name":"Home","item":"https:\/\/easysilage.nl\/"},{"@type":"ListItem","position":2,"name":"Uber uns"}]},{"@type":"WebSite","@id":"https:\/\/easysilage.nl\/#website","url":"https:\/\/easysilage.nl\/","name":"Easy Silage","description":"Behaal maximaal rendement met de Easy Silage lasagnekuil","publisher":{"@id":"https:\/\/easysilage.nl\/#organization"},"potentialAction":[{"@type":"SearchAction","target":{"@type":"EntryPoint","urlTemplate":"https:\/\/easysilage.nl\/?s={search_term_string}"},"query-input":{"@type":"PropertyValueSpecification","valueRequired":true,"valueName":"search_term_string"}}],"inLanguage":"de"},{"@type":"Organization","@id":"https:\/\/easysilage.nl\/#organization","name":"Easy Silage","url":"https:\/\/easysilage.nl\/","logo":{"@type":"ImageObject","inLanguage":"de","@id":"https:\/\/easysilage.nl\/#\/schema\/logo\/image\/","url":"https:\/\/easysilage.nl\/wp-content\/uploads\/2025\/11\/cropped-logo-easy-silage-2025-v2-1.png","contentUrl":"https:\/\/easysilage.nl\/wp-content\/uploads\/2025\/11\/cropped-logo-easy-silage-2025-v2-1.png","width":300,"height":52,"caption":"Easy Silage"},"image":{"@id":"https:\/\/easysilage.nl\/#\/schema\/logo\/image\/"}}]}},"_links":{"self":[{"href":"https:\/\/easysilage.nl\/de\/wp-json\/wp\/v2\/pages\/3370","targetHints":{"allow":["GET"]}}],"collection":[{"href":"https:\/\/easysilage.nl\/de\/wp-json\/wp\/v2\/pages"}],"about":[{"href":"https:\/\/easysilage.nl\/de\/wp-json\/wp\/v2\/types\/page"}],"author":[{"embeddable":true,"href":"https:\/\/easysilage.nl\/de\/wp-json\/wp\/v2\/users\/3"}],"replies":[{"embeddable":true,"href":"https:\/\/easysilage.nl\/de\/wp-json\/wp\/v2\/comments?post=3370"}],"version-history":[{"count":24,"href":"https:\/\/easysilage.nl\/de\/wp-json\/wp\/v2\/pages\/3370\/revisions"}],"predecessor-version":[{"id":4166,"href":"https:\/\/easysilage.nl\/de\/wp-json\/wp\/v2\/pages\/3370\/revisions\/4166"}],"wp:attachment":[{"href":"https:\/\/easysilage.nl\/de\/wp-json\/wp\/v2\/media?parent=3370"}],"curies":[{"name":"wp","href":"https:\/\/api.w.org\/{rel}","templated":true}]}}