{"id":2251,"date":"2021-04-28T20:28:21","date_gmt":"2021-04-28T20:28:21","guid":{"rendered":"https:\/\/easysilage.nl\/kontakt\/"},"modified":"2026-03-25T09:04:42","modified_gmt":"2026-03-25T09:04:42","slug":"kontakt","status":"publish","type":"page","link":"https:\/\/easysilage.nl\/de\/kontakt\/","title":{"rendered":"Kontakt"},"content":{"rendered":"<p>[vc_row content_placement=&#8220;middle&#8220; css=&#8220;.vc_custom_1660357780757{margin-top: 0px !important;margin-right: 0px !important;margin-bottom: 0px !important;margin-left: 0px !important;background-image: url(https:\/\/easysilage.nl\/wp-content\/uploads\/2022\/08\/contact-banner.jpg?id=2980) !important;background-position: center !important;background-repeat: no-repeat !important;background-size: cover !important;}&#8220; el_class=&#8220;contact-banner&#8220;][vc_column][vc_row_inner content_placement=&#8220;middle&#8220; el_class=&#8220;container&#8220;][vc_column_inner][vc_custom_heading text=&#8220;Kontaktieren Sie uns f\u00fcr weitere Informationen&#8220; use_theme_fonts=&#8220;yes&#8220;][\/vc_column_inner][\/vc_row_inner][\/vc_column][\/vc_row][vc_row el_class=&#8220;section-contact-from&#8220; el_id=&#8220;section-contact-from&#8220; css=&#8220;.vc_custom_1660358424679{margin-top: 0px !important;margin-right: 0px !important;margin-bottom: 0px !important;margin-left: 0px !important;}&#8220;][vc_column][vc_row_inner equal_height=&#8220;yes&#8220; content_placement=&#8220;top&#8220; el_class=&#8220;container&#8220;][vc_column_inner el_class=&#8220;left-wrap&#8220; width=&#8220;1\/2&#8243;][vc_custom_heading text=&#8220;Easy Silage BV&#8220; font_container=&#8220;tag:h2|text_align:left|color:%23f1f1f1&#8243; use_theme_fonts=&#8220;yes&#8220;][vc_column_text]Haben Sie Fragen zu unseren L\u00f6sungen? Dann setzen Sie sich mit uns in Verbindung. Sie k\u00f6nnen dies \u00fcber unser Kontaktformular, per Telefon oder per E-Mail tun. [\/vc_column_text][vc_column_text]<\/p>\n<ul>\n<li><a href=\"https:\/\/maps.app.goo.gl\/hbiFPGCZFoqW6RG46\" target=\"_blank\" rel=\"noopener\"><img decoding=\"async\" src=\"https:\/\/easysilage.nl\/wp-content\/uploads\/2022\/07\/Group.png\" \/> Hermes 1A | 8448 CK Heerenveen<\/a><\/li>\n<li><a href=\"tel:+31515820907\"><img decoding=\"async\" src=\"https:\/\/easysilage.nl\/wp-content\/uploads\/2022\/07\/phone.png\" \/> +31 (0)515 820 907<\/a><\/li>\n<li class=\"email-info\"><a href=\"#0\">info@easysilage.com<\/a><\/li>\n<li><\/li>\n<\/ul>\n<p>\n[\/vc_column_text][\/vc_column_inner][vc_column_inner width=&#8220;1\/2&#8243;]\n<div class=\"wpcf7 no-js\" id=\"wpcf7-f3805-o1\" lang=\"nl-NL\" dir=\"ltr\" data-wpcf7-id=\"3805\">\n<div class=\"screen-reader-response\"><p role=\"status\" aria-live=\"polite\" aria-atomic=\"true\"><\/p> <ul><\/ul><\/div>\n<form action=\"\/de\/wp-json\/wp\/v2\/pages\/2251#wpcf7-f3805-o1\" method=\"post\" class=\"wpcf7-form init\" aria-label=\"Contactformulier\" novalidate=\"novalidate\" data-status=\"init\">\n<fieldset class=\"hidden-fields-container\"><input type=\"hidden\" name=\"_wpcf7\" value=\"3805\" \/><input type=\"hidden\" name=\"_wpcf7_version\" value=\"6.1.5\" \/><input type=\"hidden\" name=\"_wpcf7_locale\" value=\"nl_NL\" \/><input type=\"hidden\" name=\"_wpcf7_unit_tag\" value=\"wpcf7-f3805-o1\" \/><input type=\"hidden\" name=\"_wpcf7_container_post\" value=\"0\" \/><input type=\"hidden\" name=\"_wpcf7_posted_data_hash\" value=\"\" \/><input type=\"hidden\" name=\"_wpcf7_recaptcha_response\" value=\"\" \/>\n<\/fieldset>\n<div class=\"row\">\n\t<div class=\"col-sm-12\">\n\t\t<h4>Neem contact met ons op\n\t\t<\/h4>\n\t<\/div>\n\t<div class=\"col-sm-12\">\n\t\t<p><label>Naam<\/label><br \/>\n<span class=\"wpcf7-form-control-wrap\" data-name=\"your-name\"><input size=\"40\" maxlength=\"400\" class=\"wpcf7-form-control wpcf7-text\" aria-invalid=\"false\" value=\"\" type=\"text\" name=\"your-name\" \/><\/span>\n\t\t<\/p>\n\t<\/div>\n\t<div class=\"col-sm-12\">\n\t\t<p><label>E-mail<\/label><br \/>\n<span class=\"wpcf7-form-control-wrap\" data-name=\"your-email\"><input size=\"40\" maxlength=\"400\" class=\"wpcf7-form-control wpcf7-email wpcf7-validates-as-required wpcf7-text wpcf7-validates-as-email\" aria-required=\"true\" aria-invalid=\"false\" value=\"\" type=\"email\" name=\"your-email\" \/><\/span>\n\t\t<\/p>\n\t<\/div>\n\t<div class=\"col-sm-12\">\n\t\t<p><label>Telefoon<\/label><br \/>\n<span class=\"wpcf7-form-control-wrap\" data-name=\"tel-743\"><input size=\"40\" maxlength=\"400\" class=\"wpcf7-form-control wpcf7-tel wpcf7-validates-as-required wpcf7-text wpcf7-validates-as-tel\" aria-required=\"true\" aria-invalid=\"false\" value=\"\" type=\"tel\" name=\"tel-743\" \/><\/span>\n\t\t<\/p>\n\t<\/div>\n\t<div class=\"col-sm-12\">\n\t\t<p><label>Bericht<\/label><br \/>\n<span class=\"wpcf7-form-control-wrap\" data-name=\"your-message\"><textarea cols=\"40\" rows=\"10\" maxlength=\"2000\" class=\"wpcf7-form-control wpcf7-textarea\" aria-invalid=\"false\" name=\"your-message\"><\/textarea><\/span>\n\t\t<\/p>\n\t<\/div>\n\t<div class=\"col-sm-12\">\n\t\t<div class=\"submit-btn\">\n\t\t\t<p><input class=\"wpcf7-form-control wpcf7-submit has-spinner\" type=\"submit\" value=\"Verzenden\" \/>\n\t\t\t<\/p>\n\t\t<\/div>\n\t<\/div>\n<\/div><p style=\"display: none !important;\" class=\"akismet-fields-container\" data-prefix=\"_wpcf7_ak_\"><label>&#916;<textarea name=\"_wpcf7_ak_hp_textarea\" cols=\"45\" rows=\"8\" maxlength=\"100\"><\/textarea><\/label><input type=\"hidden\" id=\"ak_js_1\" name=\"_wpcf7_ak_js\" value=\"99\"\/><script>document.getElementById( \"ak_js_1\" ).setAttribute( \"value\", ( new Date() ).getTime() );<\/script><\/p><div class=\"wpcf7-response-output\" aria-hidden=\"true\"><\/div>\n<\/form>\n<\/div>\n[\/vc_column_inner][\/vc_row_inner][\/vc_column][\/vc_row][vc_row el_class=&#8220;green-footer-inner contact-g-footer&#8220; css=&#8220;.vc_custom_1660361874323{margin-right: 0px !important;margin-left: 0px !important;}&#8220;][vc_column][vc_row_inner content_placement=&#8220;middle&#8220; el_class=&#8220;container&#8220;][vc_column_inner width=&#8220;1\/2&#8243;][vc_custom_heading text=&#8220;Lesen Sie <br \/><b>unsere Brosch\u00fcre<\/b>&#8220; font_container=&#8220;tag:h5|text_align:left&#8220; use_theme_fonts=&#8220;yes&#8220;][vc_column_text el_class=&#8220;contact-btn-area&#8220;]<a href=\"https:\/\/easysilage.nl\/wp-content\/uploads\/2022\/08\/easysilage_folder_NL-digitaal-printversie.pdf\" target=\"_blank\" rel=\"noopener\">Brosch\u00fcre herunterladen  <img loading=\"lazy\" decoding=\"async\" class=\"alignnone size-full wp-image-3036\" src=\"https:\/\/easysilage.nl\/wp-content\/uploads\/2022\/08\/pdf.png\" alt=\"\" width=\"20\" height=\"25\" \/><\/a><button class=\"btn btn-primary\" type=\"button\" data-toggle=\"modal\" data-target=\"#exampleModal\">Brosch\u00fcre per Post  <img loading=\"lazy\" decoding=\"async\" class=\"alignnone size-full wp-image-3033\" src=\"https:\/\/easysilage.nl\/wp-content\/uploads\/2022\/08\/email.png\" alt=\"\" width=\"30\" height=\"15\" \/><\/button>[\/vc_column_text][\/vc_column_inner][vc_column_inner width=&#8220;1\/2&#8243;][vc_single_image image=&#8220;3015&#8243; img_size=&#8220;full&#8220; alignment=&#8220;center&#8220;][vc_column_text]<\/p>\n<div id=\"exampleModal\" class=\"modal fade\" tabindex=\"-1\" role=\"dialog\" aria-labelledby=\"exampleModalLabel\" aria-hidden=\"true\">\n<div class=\"modal-dialog\" role=\"document\">\n<div class=\"modal-content\">\n<div class=\"modal-header\">\n<h5 id=\"exampleModalLabel\" class=\"modal-title\">Brochure aanvragen<\/h5>\n<p><button class=\"close\" type=\"button\" data-dismiss=\"modal\" aria-label=\"Close\"><br \/>\n<span aria-hidden=\"true\">\u00d7<\/span><br \/>\n<\/button><\/p>\n<\/div>\n<p><\/p>\n<div class=\"modal-body\">\n<div class=\"wpcf7 no-js\" id=\"wpcf7-f3081-o2\" lang=\"en-US\" dir=\"ltr\" data-wpcf7-id=\"3081\">\n<div class=\"screen-reader-response\"><p role=\"status\" aria-live=\"polite\" aria-atomic=\"true\"><\/p> <ul><\/ul><\/div>\n<form action=\"\/de\/wp-json\/wp\/v2\/pages\/2251#wpcf7-f3081-o2\" method=\"post\" class=\"wpcf7-form init\" aria-label=\"Contact form\" novalidate=\"novalidate\" data-status=\"init\">\n<fieldset class=\"hidden-fields-container\"><input type=\"hidden\" name=\"_wpcf7\" value=\"3081\" \/><input type=\"hidden\" name=\"_wpcf7_version\" value=\"6.1.5\" \/><input type=\"hidden\" name=\"_wpcf7_locale\" value=\"en_US\" \/><input type=\"hidden\" name=\"_wpcf7_unit_tag\" value=\"wpcf7-f3081-o2\" \/><input type=\"hidden\" name=\"_wpcf7_container_post\" value=\"0\" \/><input type=\"hidden\" name=\"_wpcf7_posted_data_hash\" value=\"\" \/><input type=\"hidden\" name=\"_wpcf7_recaptcha_response\" value=\"\" \/>\n<\/fieldset>\n<div class=\"row popup-from\">\n\t<div class=\"col-sm-12\">\n\t\t<p><label>Naam:<\/label><br \/>\n<span class=\"wpcf7-form-control-wrap\" data-name=\"your-name\"><input size=\"40\" maxlength=\"400\" class=\"wpcf7-form-control wpcf7-text wpcf7-validates-as-required\" aria-required=\"true\" aria-invalid=\"false\" value=\"\" type=\"text\" name=\"your-name\" \/><\/span>\n\t\t<\/p>\n\t<\/div>\n\t<div class=\"col-sm-12\">\n\t\t<p><label>Bedrijfsnaam:<\/label><br \/>\n<span class=\"wpcf7-form-control-wrap\" data-name=\"your-name1\"><input size=\"40\" maxlength=\"400\" class=\"wpcf7-form-control wpcf7-text\" aria-invalid=\"false\" value=\"\" type=\"text\" name=\"your-name1\" \/><\/span>\n\t\t<\/p>\n\t<\/div>\n\t<div class=\"col-sm-12\">\n\t\t<p><label>E-mail:<\/label><br \/>\n<span class=\"wpcf7-form-control-wrap\" data-name=\"your-email\"><input size=\"40\" maxlength=\"400\" class=\"wpcf7-form-control wpcf7-email wpcf7-validates-as-required wpcf7-text wpcf7-validates-as-email\" aria-required=\"true\" aria-invalid=\"false\" value=\"\" type=\"email\" name=\"your-email\" \/><\/span>\n\t\t<\/p>\n\t<\/div>\n\t<div class=\"col-sm-12\">\n\t\t<p><label>Telefoon:<\/label><br \/>\n<span class=\"wpcf7-form-control-wrap\" data-name=\"tel-743\"><input size=\"40\" maxlength=\"400\" class=\"wpcf7-form-control wpcf7-tel wpcf7-text wpcf7-validates-as-tel\" aria-invalid=\"false\" value=\"\" type=\"tel\" name=\"tel-743\" \/><\/span>\n\t\t<\/p>\n\t<\/div>\n\t<div class=\"col-sm-8\">\n\t\t<p><label>Straat:<\/label><br \/>\n<span class=\"wpcf7-form-control-wrap\" data-name=\"straat\"><input size=\"40\" maxlength=\"400\" class=\"wpcf7-form-control wpcf7-text wpcf7-validates-as-required\" aria-required=\"true\" aria-invalid=\"false\" value=\"\" type=\"text\" name=\"straat\" \/><\/span>\n\t\t<\/p>\n\t<\/div>\n\t<div class=\"col-sm-4\">\n\t\t<p><label>Huisnummer:<\/label><br \/>\n<span class=\"wpcf7-form-control-wrap\" data-name=\"huisnummer\"><input size=\"40\" maxlength=\"400\" class=\"wpcf7-form-control wpcf7-text wpcf7-validates-as-required\" aria-required=\"true\" aria-invalid=\"false\" value=\"\" type=\"text\" name=\"huisnummer\" \/><\/span>\n\t\t<\/p>\n\t<\/div>\n\t<div class=\"col-sm-6\">\n\t\t<p><label>Postcode:<\/label><br \/>\n<span class=\"wpcf7-form-control-wrap\" data-name=\"postcode\"><input size=\"40\" maxlength=\"400\" class=\"wpcf7-form-control wpcf7-text wpcf7-validates-as-required\" aria-required=\"true\" aria-invalid=\"false\" value=\"\" type=\"text\" name=\"postcode\" \/><\/span>\n\t\t<\/p>\n\t<\/div>\n\t<div class=\"col-sm-6\">\n\t\t<p><label>Plaats:<\/label><br \/>\n<span class=\"wpcf7-form-control-wrap\" data-name=\"plaats\"><input size=\"40\" maxlength=\"400\" class=\"wpcf7-form-control wpcf7-text wpcf7-validates-as-required\" aria-required=\"true\" aria-invalid=\"false\" value=\"\" type=\"text\" name=\"plaats\" \/><\/span>\n\t\t<\/p>\n\t<\/div>\n\t<div class=\"col-sm-12\">\n\t\t<div class=\"submit-btn\">\n\t\t\t<p><input class=\"wpcf7-form-control wpcf7-submit has-spinner\" type=\"submit\" value=\"Versturen\" \/>\n\t\t\t<\/p>\n\t\t<\/div>\n\t<\/div>\n<\/div><p style=\"display: none !important;\" class=\"akismet-fields-container\" data-prefix=\"_wpcf7_ak_\"><label>&#916;<textarea name=\"_wpcf7_ak_hp_textarea\" cols=\"45\" rows=\"8\" maxlength=\"100\"><\/textarea><\/label><input type=\"hidden\" id=\"ak_js_2\" name=\"_wpcf7_ak_js\" value=\"3\"\/><script>document.getElementById( \"ak_js_2\" ).setAttribute( \"value\", ( new Date() ).getTime() );<\/script><\/p><div class=\"wpcf7-response-output\" aria-hidden=\"true\"><\/div>\n<\/form>\n<\/div>\n<\/div>\n<p><\/div>\n<p><\/div>\n<p><\/div>\n<p>[\/vc_column_text][\/vc_column_inner][\/vc_row_inner][\/vc_column][\/vc_row]<\/p>\n","protected":false},"excerpt":{"rendered":"<p>[vc_row content_placement=&#8220;middle&#8220; css=&#8220;.vc_custom_1660357780757{margin-top: 0px !important;margin-right: 0px !important;margin-bottom: 0px !important;margin-left: 0px !important;background-image: url(https:\/\/easysilage.nl\/wp-content\/uploads\/2022\/08\/contact-banner.jpg?id=2980) !important;background-position: center !important;background-repeat: no-repeat !important;background-size: cover !important;}&#8220; el_class=&#8220;contact-banner&#8220;][vc_column][vc_row_inner content_placement=&#8220;middle&#8220; el_class=&#8220;container&#8220;][vc_column_inner][vc_custom_heading text=&#8220;Kontaktieren Sie uns f\u00fcr weitere Informationen&#8220; use_theme_fonts=&#8220;yes&#8220;][\/vc_column_inner][\/vc_row_inner][\/vc_column][\/vc_row][vc_row el_class=&#8220;section-contact-from&#8220; el_id=&#8220;section-contact-from&#8220; css=&#8220;.vc_custom_1660358424679{margin-top: 0px !important;margin-right: 0px !important;margin-bottom: 0px !important;margin-left: 0px !important;}&#8220;][vc_column][vc_row_inner equal_height=&#8220;yes&#8220; content_placement=&#8220;top&#8220; el_class=&#8220;container&#8220;][vc_column_inner el_class=&#8220;left-wrap&#8220; width=&#8220;1\/2&#8243;][vc_custom_heading text=&#8220;Easy Silage BV&#8220; font_container=&#8220;tag:h2|text_align:left|color:%23f1f1f1&#8243; use_theme_fonts=&#8220;yes&#8220;][vc_column_text]Haben Sie Fragen zu unseren L\u00f6sungen?&hellip; <a class=\"more-link\" href=\"https:\/\/easysilage.nl\/de\/kontakt\/\">Continue reading <span class=\"screen-reader-text\">Kontakt<\/span><\/a><\/p>\n","protected":false},"author":3,"featured_media":0,"parent":0,"menu_order":0,"comment_status":"closed","ping_status":"closed","template":"","meta":{"inline_featured_image":false,"footnotes":""},"class_list":["post-2251","page","type-page","status-publish","hentry","entry"],"yoast_head":"<!-- This site is optimized with the Yoast SEO plugin v27.3 - https:\/\/yoast.com\/product\/yoast-seo-wordpress\/ -->\n<title>Kontakt - Easy Silage<\/title>\n<meta name=\"description\" content=\"Entdecken Sie den Komfort von Easy Silage. Kontaktieren Sie uns f\u00fcr weitere Informationen zu unseren L\u00f6sungen.\" \/>\n<meta name=\"robots\" content=\"index, follow, max-snippet:-1, max-image-preview:large, max-video-preview:-1\" \/>\n<link rel=\"canonical\" href=\"https:\/\/easysilage.nl\/de\/kontakt\/\" \/>\n<meta property=\"og:locale\" content=\"de_DE\" \/>\n<meta property=\"og:type\" content=\"article\" \/>\n<meta property=\"og:title\" content=\"Kontakt - Easy Silage\" \/>\n<meta property=\"og:description\" content=\"Entdecken Sie den Komfort von Easy Silage. Kontaktieren Sie uns f\u00fcr weitere Informationen zu unseren L\u00f6sungen.\" \/>\n<meta property=\"og:url\" content=\"https:\/\/easysilage.nl\/de\/kontakt\/\" \/>\n<meta property=\"og:site_name\" content=\"Easy Silage\" \/>\n<meta property=\"article:modified_time\" content=\"2026-03-25T09:04:42+00:00\" \/>\n<meta property=\"og:image\" content=\"https:\/\/easysilage.nl\/wp-content\/uploads\/2022\/07\/Group.png\" \/>\n<meta name=\"twitter:card\" content=\"summary_large_image\" \/>\n<meta name=\"twitter:label1\" content=\"Gesch\u00e4tzte Lesezeit\" \/>\n\t<meta name=\"twitter:data1\" content=\"2\u00a0Minuten\" \/>\n<script type=\"application\/ld+json\" class=\"yoast-schema-graph\">{\"@context\":\"https:\\\/\\\/schema.org\",\"@graph\":[{\"@type\":\"WebPage\",\"@id\":\"https:\\\/\\\/easysilage.nl\\\/de\\\/kontakt\\\/\",\"url\":\"https:\\\/\\\/easysilage.nl\\\/de\\\/kontakt\\\/\",\"name\":\"Kontakt - Easy Silage\",\"isPartOf\":{\"@id\":\"https:\\\/\\\/easysilage.nl\\\/#website\"},\"primaryImageOfPage\":{\"@id\":\"https:\\\/\\\/easysilage.nl\\\/de\\\/kontakt\\\/#primaryimage\"},\"image\":{\"@id\":\"https:\\\/\\\/easysilage.nl\\\/de\\\/kontakt\\\/#primaryimage\"},\"thumbnailUrl\":\"https:\\\/\\\/easysilage.nl\\\/wp-content\\\/uploads\\\/2022\\\/07\\\/Group.png\",\"datePublished\":\"2021-04-28T20:28:21+00:00\",\"dateModified\":\"2026-03-25T09:04:42+00:00\",\"description\":\"Entdecken Sie den Komfort von Easy Silage. Kontaktieren Sie uns f\u00fcr weitere Informationen zu unseren L\u00f6sungen.\",\"breadcrumb\":{\"@id\":\"https:\\\/\\\/easysilage.nl\\\/de\\\/kontakt\\\/#breadcrumb\"},\"inLanguage\":\"de\",\"potentialAction\":[{\"@type\":\"ReadAction\",\"target\":[\"https:\\\/\\\/easysilage.nl\\\/de\\\/kontakt\\\/\"]}]},{\"@type\":\"ImageObject\",\"inLanguage\":\"de\",\"@id\":\"https:\\\/\\\/easysilage.nl\\\/de\\\/kontakt\\\/#primaryimage\",\"url\":\"https:\\\/\\\/easysilage.nl\\\/wp-content\\\/uploads\\\/2022\\\/07\\\/Group.png\",\"contentUrl\":\"https:\\\/\\\/easysilage.nl\\\/wp-content\\\/uploads\\\/2022\\\/07\\\/Group.png\"},{\"@type\":\"BreadcrumbList\",\"@id\":\"https:\\\/\\\/easysilage.nl\\\/de\\\/kontakt\\\/#breadcrumb\",\"itemListElement\":[{\"@type\":\"ListItem\",\"position\":1,\"name\":\"Home\",\"item\":\"https:\\\/\\\/easysilage.nl\\\/\"},{\"@type\":\"ListItem\",\"position\":2,\"name\":\"Kontakt\"}]},{\"@type\":\"WebSite\",\"@id\":\"https:\\\/\\\/easysilage.nl\\\/#website\",\"url\":\"https:\\\/\\\/easysilage.nl\\\/\",\"name\":\"Easy Silage\",\"description\":\"Behaal maximaal rendement met de Easy Silage lasagnekuil\",\"publisher\":{\"@id\":\"https:\\\/\\\/easysilage.nl\\\/#organization\"},\"potentialAction\":[{\"@type\":\"SearchAction\",\"target\":{\"@type\":\"EntryPoint\",\"urlTemplate\":\"https:\\\/\\\/easysilage.nl\\\/?s={search_term_string}\"},\"query-input\":{\"@type\":\"PropertyValueSpecification\",\"valueRequired\":true,\"valueName\":\"search_term_string\"}}],\"inLanguage\":\"de\"},{\"@type\":\"Organization\",\"@id\":\"https:\\\/\\\/easysilage.nl\\\/#organization\",\"name\":\"Easy Silage\",\"url\":\"https:\\\/\\\/easysilage.nl\\\/\",\"logo\":{\"@type\":\"ImageObject\",\"inLanguage\":\"de\",\"@id\":\"https:\\\/\\\/easysilage.nl\\\/#\\\/schema\\\/logo\\\/image\\\/\",\"url\":\"https:\\\/\\\/easysilage.nl\\\/wp-content\\\/uploads\\\/2025\\\/11\\\/cropped-logo-easy-silage-2025-v2-1.png\",\"contentUrl\":\"https:\\\/\\\/easysilage.nl\\\/wp-content\\\/uploads\\\/2025\\\/11\\\/cropped-logo-easy-silage-2025-v2-1.png\",\"width\":300,\"height\":52,\"caption\":\"Easy Silage\"},\"image\":{\"@id\":\"https:\\\/\\\/easysilage.nl\\\/#\\\/schema\\\/logo\\\/image\\\/\"}}]}<\/script>\n<!-- \/ Yoast SEO plugin. -->","yoast_head_json":{"title":"Kontakt - Easy Silage","description":"Entdecken Sie den Komfort von Easy Silage. Kontaktieren Sie uns f\u00fcr weitere Informationen zu unseren L\u00f6sungen.","robots":{"index":"index","follow":"follow","max-snippet":"max-snippet:-1","max-image-preview":"max-image-preview:large","max-video-preview":"max-video-preview:-1"},"canonical":"https:\/\/easysilage.nl\/de\/kontakt\/","og_locale":"de_DE","og_type":"article","og_title":"Kontakt - Easy Silage","og_description":"Entdecken Sie den Komfort von Easy Silage. Kontaktieren Sie uns f\u00fcr weitere Informationen zu unseren L\u00f6sungen.","og_url":"https:\/\/easysilage.nl\/de\/kontakt\/","og_site_name":"Easy Silage","article_modified_time":"2026-03-25T09:04:42+00:00","og_image":[{"url":"https:\/\/easysilage.nl\/wp-content\/uploads\/2022\/07\/Group.png","type":"","width":"","height":""}],"twitter_card":"summary_large_image","twitter_misc":{"Gesch\u00e4tzte Lesezeit":"2\u00a0Minuten"},"schema":{"@context":"https:\/\/schema.org","@graph":[{"@type":"WebPage","@id":"https:\/\/easysilage.nl\/de\/kontakt\/","url":"https:\/\/easysilage.nl\/de\/kontakt\/","name":"Kontakt - Easy Silage","isPartOf":{"@id":"https:\/\/easysilage.nl\/#website"},"primaryImageOfPage":{"@id":"https:\/\/easysilage.nl\/de\/kontakt\/#primaryimage"},"image":{"@id":"https:\/\/easysilage.nl\/de\/kontakt\/#primaryimage"},"thumbnailUrl":"https:\/\/easysilage.nl\/wp-content\/uploads\/2022\/07\/Group.png","datePublished":"2021-04-28T20:28:21+00:00","dateModified":"2026-03-25T09:04:42+00:00","description":"Entdecken Sie den Komfort von Easy Silage. Kontaktieren Sie uns f\u00fcr weitere Informationen zu unseren L\u00f6sungen.","breadcrumb":{"@id":"https:\/\/easysilage.nl\/de\/kontakt\/#breadcrumb"},"inLanguage":"de","potentialAction":[{"@type":"ReadAction","target":["https:\/\/easysilage.nl\/de\/kontakt\/"]}]},{"@type":"ImageObject","inLanguage":"de","@id":"https:\/\/easysilage.nl\/de\/kontakt\/#primaryimage","url":"https:\/\/easysilage.nl\/wp-content\/uploads\/2022\/07\/Group.png","contentUrl":"https:\/\/easysilage.nl\/wp-content\/uploads\/2022\/07\/Group.png"},{"@type":"BreadcrumbList","@id":"https:\/\/easysilage.nl\/de\/kontakt\/#breadcrumb","itemListElement":[{"@type":"ListItem","position":1,"name":"Home","item":"https:\/\/easysilage.nl\/"},{"@type":"ListItem","position":2,"name":"Kontakt"}]},{"@type":"WebSite","@id":"https:\/\/easysilage.nl\/#website","url":"https:\/\/easysilage.nl\/","name":"Easy Silage","description":"Behaal maximaal rendement met de Easy Silage lasagnekuil","publisher":{"@id":"https:\/\/easysilage.nl\/#organization"},"potentialAction":[{"@type":"SearchAction","target":{"@type":"EntryPoint","urlTemplate":"https:\/\/easysilage.nl\/?s={search_term_string}"},"query-input":{"@type":"PropertyValueSpecification","valueRequired":true,"valueName":"search_term_string"}}],"inLanguage":"de"},{"@type":"Organization","@id":"https:\/\/easysilage.nl\/#organization","name":"Easy Silage","url":"https:\/\/easysilage.nl\/","logo":{"@type":"ImageObject","inLanguage":"de","@id":"https:\/\/easysilage.nl\/#\/schema\/logo\/image\/","url":"https:\/\/easysilage.nl\/wp-content\/uploads\/2025\/11\/cropped-logo-easy-silage-2025-v2-1.png","contentUrl":"https:\/\/easysilage.nl\/wp-content\/uploads\/2025\/11\/cropped-logo-easy-silage-2025-v2-1.png","width":300,"height":52,"caption":"Easy Silage"},"image":{"@id":"https:\/\/easysilage.nl\/#\/schema\/logo\/image\/"}}]}},"_links":{"self":[{"href":"https:\/\/easysilage.nl\/de\/wp-json\/wp\/v2\/pages\/2251","targetHints":{"allow":["GET"]}}],"collection":[{"href":"https:\/\/easysilage.nl\/de\/wp-json\/wp\/v2\/pages"}],"about":[{"href":"https:\/\/easysilage.nl\/de\/wp-json\/wp\/v2\/types\/page"}],"author":[{"embeddable":true,"href":"https:\/\/easysilage.nl\/de\/wp-json\/wp\/v2\/users\/3"}],"replies":[{"embeddable":true,"href":"https:\/\/easysilage.nl\/de\/wp-json\/wp\/v2\/comments?post=2251"}],"version-history":[{"count":40,"href":"https:\/\/easysilage.nl\/de\/wp-json\/wp\/v2\/pages\/2251\/revisions"}],"predecessor-version":[{"id":4159,"href":"https:\/\/easysilage.nl\/de\/wp-json\/wp\/v2\/pages\/2251\/revisions\/4159"}],"wp:attachment":[{"href":"https:\/\/easysilage.nl\/de\/wp-json\/wp\/v2\/media?parent=2251"}],"curies":[{"name":"wp","href":"https:\/\/api.w.org\/{rel}","templated":true}]}}